{"id":24586,"date":"2022-11-02T10:36:43","date_gmt":"2022-11-02T10:36:43","guid":{"rendered":"https:\/\/ecomlux.lu\/rendez-vous\/"},"modified":"2024-11-18T14:27:43","modified_gmt":"2024-11-18T14:27:43","slug":"rendez-vous","status":"publish","type":"page","link":"https:\/\/ecomlux.lu\/lu\/rendez-vous\/","title":{"rendered":"Rendez-vous"},"content":{"rendered":"\t\t<div data-elementor-type=\"wp-page\" data-elementor-id=\"24586\" class=\"elementor elementor-24586 elementor-41\" data-elementor-post-type=\"page\">\n\t\t\t\t\t\t<section class=\"elementor-section elementor-top-section elementor-element elementor-element-3fc50fa animated-fast elementor-section-boxed elementor-section-height-default elementor-section-height-default elementor-invisible\" data-id=\"3fc50fa\" data-element_type=\"section\" data-settings=\"{&quot;animation&quot;:&quot;slideInDown&quot;}\">\n\t\t\t\t\t\t<div class=\"elementor-container elementor-column-gap-default\">\n\t\t\t\t\t<div class=\"elementor-column elementor-col-33 elementor-top-column elementor-element elementor-element-572e671\" data-id=\"572e671\" data-element_type=\"column\">\n\t\t\t<div class=\"elementor-widget-wrap elementor-element-populated\">\n\t\t\t\t\t\t<div class=\"elementor-element elementor-element-a15b858 elementor-hidden-tablet elementor-hidden-mobile elementor-widget elementor-widget-image\" data-id=\"a15b858\" data-element_type=\"widget\" data-widget_type=\"image.default\">\n\t\t\t\t<div class=\"elementor-widget-container\">\n\t\t\t\t\t\t\t\t\t\t\t\t\t\t\t\t<a href=\"\/lu\/\">\n\t\t\t\t\t\t\t<img fetchpriority=\"high\" decoding=\"async\" width=\"600\" height=\"180\" src=\"https:\/\/ecomlux.lu\/wp-content\/uploads\/2022\/11\/logo-ecomlux-partenaire-digital-noir.webp?wsr\" class=\"attachment-full size-full wp-image-23542\" alt=\"\" srcset=\"https:\/\/ecomlux.lu\/wp-content\/uploads\/2022\/11\/logo-ecomlux-partenaire-digital-noir.webp 600w, https:\/\/ecomlux.lu\/wp-content\/uploads\/2022\/11\/logo-ecomlux-partenaire-digital-noir-300x90.webp 300w\" sizes=\"(max-width: 600px) 100vw, 600px\" \/>\t\t\t\t\t\t\t\t<\/a>\n\t\t\t\t\t\t\t\t\t\t\t\t\t\t\t<\/div>\n\t\t\t\t<\/div>\n\t\t\t\t\t<\/div>\n\t\t<\/div>\n\t\t\t\t<div class=\"elementor-column elementor-col-33 elementor-top-column elementor-element elementor-element-0754279\" data-id=\"0754279\" data-element_type=\"column\">\n\t\t\t<div class=\"elementor-widget-wrap elementor-element-populated\">\n\t\t\t\t\t\t<div class=\"elementor-element elementor-element-2a8b4c9 elementor-hidden-widescreen elementor-hidden-desktop elementor-widget elementor-widget-image\" data-id=\"2a8b4c9\" data-element_type=\"widget\" data-widget_type=\"image.default\">\n\t\t\t\t<div class=\"elementor-widget-container\">\n\t\t\t\t\t\t\t\t\t\t\t\t\t\t\t\t<a href=\"\/lu\/\">\n\t\t\t\t\t\t\t<img decoding=\"async\" width=\"800\" height=\"800\" src=\"https:\/\/ecomlux.lu\/wp-content\/uploads\/2024\/03\/ecom-lux-icones-2024-03-06T153226.816-1024x1024.png?wsr\" class=\"elementor-animation-shrink attachment-large size-large wp-image-24280\" alt=\"\" srcset=\"https:\/\/ecomlux.lu\/wp-content\/uploads\/2024\/03\/ecom-lux-icones-2024-03-06T153226.816-1024x1024.png 1024w, https:\/\/ecomlux.lu\/wp-content\/uploads\/2024\/03\/ecom-lux-icones-2024-03-06T153226.816-300x300.png 300w, https:\/\/ecomlux.lu\/wp-content\/uploads\/2024\/03\/ecom-lux-icones-2024-03-06T153226.816-150x150.png 150w, https:\/\/ecomlux.lu\/wp-content\/uploads\/2024\/03\/ecom-lux-icones-2024-03-06T153226.816-768x768.png 768w, https:\/\/ecomlux.lu\/wp-content\/uploads\/2024\/03\/ecom-lux-icones-2024-03-06T153226.816.png 1500w\" sizes=\"(max-width: 800px) 100vw, 800px\" \/>\t\t\t\t\t\t\t\t<\/a>\n\t\t\t\t\t\t\t\t\t\t\t\t\t\t\t<\/div>\n\t\t\t\t<\/div>\n\t\t\t\t<div class=\"elementor-element elementor-element-7068e69 animated-slow elementor-invisible elementor-widget elementor-widget-heading\" data-id=\"7068e69\" data-element_type=\"widget\" data-settings=\"{&quot;_animation&quot;:&quot;fadeIn&quot;}\" data-widget_type=\"heading.default\">\n\t\t\t\t<div class=\"elementor-widget-container\">\n\t\t\t\t\t<h2 class=\"elementor-heading-title elementor-size-default\"><span style=\"color:#B8ACFF\">F\u00e4nkt<\/span> a w\u00e9inege Schr\u00ebtt un!<\/h2>\t\t\t\t<\/div>\n\t\t\t\t<\/div>\n\t\t\t\t\t<\/div>\n\t\t<\/div>\n\t\t\t\t<div class=\"elementor-column elementor-col-33 elementor-top-column elementor-element elementor-element-afd3f0d\" data-id=\"afd3f0d\" data-element_type=\"column\">\n\t\t\t<div class=\"elementor-widget-wrap elementor-element-populated\">\n\t\t\t\t\t\t<div class=\"elementor-element elementor-element-2925931 elementor-hidden-tablet elementor-hidden-mobile elementor-widget elementor-widget-image\" data-id=\"2925931\" data-element_type=\"widget\" data-widget_type=\"image.default\">\n\t\t\t\t<div class=\"elementor-widget-container\">\n\t\t\t\t\t\t\t\t\t\t\t\t\t\t\t\t<a href=\"\/lu\/\">\n\t\t\t\t\t\t\t<img decoding=\"async\" width=\"800\" height=\"800\" src=\"https:\/\/ecomlux.lu\/wp-content\/uploads\/2024\/03\/ecom-lux-icones-2024-03-06T153226.816-1024x1024.png?wsr\" class=\"elementor-animation-shrink attachment-large size-large wp-image-24280\" alt=\"\" srcset=\"https:\/\/ecomlux.lu\/wp-content\/uploads\/2024\/03\/ecom-lux-icones-2024-03-06T153226.816-1024x1024.png 1024w, https:\/\/ecomlux.lu\/wp-content\/uploads\/2024\/03\/ecom-lux-icones-2024-03-06T153226.816-300x300.png 300w, https:\/\/ecomlux.lu\/wp-content\/uploads\/2024\/03\/ecom-lux-icones-2024-03-06T153226.816-150x150.png 150w, https:\/\/ecomlux.lu\/wp-content\/uploads\/2024\/03\/ecom-lux-icones-2024-03-06T153226.816-768x768.png 768w, https:\/\/ecomlux.lu\/wp-content\/uploads\/2024\/03\/ecom-lux-icones-2024-03-06T153226.816.png 1500w\" sizes=\"(max-width: 800px) 100vw, 800px\" \/>\t\t\t\t\t\t\t\t<\/a>\n\t\t\t\t\t\t\t\t\t\t\t\t\t\t\t<\/div>\n\t\t\t\t<\/div>\n\t\t\t\t\t<\/div>\n\t\t<\/div>\n\t\t\t\t\t<\/div>\n\t\t<\/section>\n\t\t\t\t<section class=\"elementor-section elementor-top-section elementor-element elementor-element-0f05010 elementor-section-boxed elementor-section-height-default elementor-section-height-default elementor-invisible\" data-id=\"0f05010\" data-element_type=\"section\" data-settings=\"{&quot;animation&quot;:&quot;fadeIn&quot;}\">\n\t\t\t\t\t\t<div class=\"elementor-container elementor-column-gap-default\">\n\t\t\t\t\t<div class=\"elementor-column elementor-col-100 elementor-top-column elementor-element elementor-element-bce9998\" data-id=\"bce9998\" data-element_type=\"column\">\n\t\t\t<div class=\"elementor-widget-wrap elementor-element-populated\">\n\t\t\t\t\t\t<div class=\"elementor-element elementor-element-8cd1648 elementor-widget elementor-widget-shortcode\" data-id=\"8cd1648\" data-element_type=\"widget\" data-widget_type=\"shortcode.default\">\n\t\t\t\t<div class=\"elementor-widget-container\">\n\t\t\t\t\t\t\t<div class=\"elementor-shortcode\"><iframe aria-label='Prise de rendez-vous ECOM LUX - LU' frameborder=\"0\" style=\"height:1500px;width:99%;border:none;\" src='https:\/\/forms.zohopublic.eu\/ecomlux\/form\/PrisederendezvousECOMLUXLU\/formperma\/Fu8DzoqCJoovPK47jaGeGZ8IOMJfmLg6vyjn17BqpXs'><\/iframe><\/div>\n\t\t\t\t\t\t<\/div>\n\t\t\t\t<\/div>\n\t\t\t\t\t<\/div>\n\t\t<\/div>\n\t\t\t\t\t<\/div>\n\t\t<\/section>\n\t\t\t\t<\/div>\n\t\t","protected":false},"excerpt":{"rendered":"<p>F\u00e4nkt a w\u00e9inege Schr\u00ebtt un!<\/p>\n","protected":false},"author":2,"featured_media":24446,"parent":0,"menu_order":0,"comment_status":"closed","ping_status":"closed","template":"elementor_canvas","meta":{"inline_featured_image":false,"footnotes":""},"class_list":["post-24586","page","type-page","status-publish","has-post-thumbnail","hentry"],"yoast_head":"<!-- This site is optimized with the Yoast SEO plugin v26.1.1 - https:\/\/yoast.com\/wordpress\/plugins\/seo\/ -->\n<title>A puer Schr\u00ebtt uf\u00e4nken | ECOM LUX<\/title>\n<meta name=\"description\" content=\"Dir w\u00ebsst net wou Dir uf\u00e4nke sollt? F\u00ebllt eise klenge Formulaire an enger Minutte aus a loosst Iech vun eis leeden!\" \/>\n<meta name=\"robots\" content=\"index, follow, max-snippet:-1, max-image-preview:large, max-video-preview:-1\" \/>\n<link rel=\"canonical\" href=\"https:\/\/ecomlux.lu\/lu\/rendez-vous\/\" \/>\n<meta property=\"og:locale\" content=\"en_US\" \/>\n<meta property=\"og:type\" content=\"article\" \/>\n<meta property=\"og:title\" content=\"A puer Schr\u00ebtt uf\u00e4nken | ECOM LUX\" \/>\n<meta property=\"og:description\" content=\"Dir w\u00ebsst net wou Dir uf\u00e4nke sollt? F\u00ebllt eise klenge Formulaire an enger Minutte aus a loosst Iech vun eis leeden!\" \/>\n<meta property=\"og:url\" content=\"https:\/\/ecomlux.lu\/lu\/rendez-vous\/\" \/>\n<meta property=\"og:site_name\" content=\"ECOM LUX | Agence digitale\" \/>\n<meta property=\"article:publisher\" content=\"https:\/\/www.facebook.com\/ecomlux2020\" \/>\n<meta property=\"article:modified_time\" content=\"2024-11-18T14:27:43+00:00\" \/>\n<meta property=\"og:image\" content=\"https:\/\/ecomlux.lu\/wp-content\/uploads\/2024\/03\/ECOMLUX-pages-rendezvous.png\" \/>\n\t<meta property=\"og:image:width\" content=\"1000\" \/>\n\t<meta property=\"og:image:height\" content=\"1000\" \/>\n\t<meta property=\"og:image:type\" content=\"image\/png\" \/>\n<meta name=\"twitter:card\" content=\"summary_large_image\" \/>\n<meta name=\"twitter:label1\" content=\"Est. reading time\" \/>\n\t<meta name=\"twitter:data1\" content=\"1 minute\" \/>\n<script type=\"application\/ld+json\" class=\"yoast-schema-graph\">{\"@context\":\"https:\/\/schema.org\",\"@graph\":[{\"@type\":\"WebPage\",\"@id\":\"https:\/\/ecomlux.lu\/lu\/rendez-vous\/\",\"url\":\"https:\/\/ecomlux.lu\/lu\/rendez-vous\/\",\"name\":\"A puer Schr\u00ebtt uf\u00e4nken | ECOM LUX\",\"isPartOf\":{\"@id\":\"https:\/\/ecomlux.lu\/lu\/#website\"},\"primaryImageOfPage\":{\"@id\":\"https:\/\/ecomlux.lu\/lu\/rendez-vous\/#primaryimage\"},\"image\":{\"@id\":\"https:\/\/ecomlux.lu\/lu\/rendez-vous\/#primaryimage\"},\"thumbnailUrl\":\"https:\/\/ecomlux.lu\/wp-content\/uploads\/2024\/03\/ECOMLUX-pages-rendezvous.png?wsr\",\"datePublished\":\"2022-11-02T10:36:43+00:00\",\"dateModified\":\"2024-11-18T14:27:43+00:00\",\"description\":\"Dir w\u00ebsst net wou Dir uf\u00e4nke sollt? F\u00ebllt eise klenge Formulaire an enger Minutte aus a loosst Iech vun eis leeden!\",\"breadcrumb\":{\"@id\":\"https:\/\/ecomlux.lu\/lu\/rendez-vous\/#breadcrumb\"},\"inLanguage\":\"lu-LU\",\"potentialAction\":[{\"@type\":\"ReadAction\",\"target\":[\"https:\/\/ecomlux.lu\/lu\/rendez-vous\/\"]}]},{\"@type\":\"ImageObject\",\"inLanguage\":\"lu-LU\",\"@id\":\"https:\/\/ecomlux.lu\/lu\/rendez-vous\/#primaryimage\",\"url\":\"https:\/\/ecomlux.lu\/wp-content\/uploads\/2024\/03\/ECOMLUX-pages-rendezvous.png?wsr\",\"contentUrl\":\"https:\/\/ecomlux.lu\/wp-content\/uploads\/2024\/03\/ECOMLUX-pages-rendezvous.png?wsr\",\"width\":1000,\"height\":1000},{\"@type\":\"BreadcrumbList\",\"@id\":\"https:\/\/ecomlux.lu\/lu\/rendez-vous\/#breadcrumb\",\"itemListElement\":[{\"@type\":\"ListItem\",\"position\":1,\"name\":\"Home\",\"item\":\"https:\/\/ecomlux.lu\/lu\/kommunikatiounsagence-zu-letzebuerg\/\"},{\"@type\":\"ListItem\",\"position\":2,\"name\":\"Rendez-vous\"}]},{\"@type\":\"WebSite\",\"@id\":\"https:\/\/ecomlux.lu\/lu\/#website\",\"url\":\"https:\/\/ecomlux.lu\/lu\/\",\"name\":\"ECOM LUX | Agence de communication Luxembourg\",\"description\":\"Votre agence de communication 360\u00b0 | ECOM LUX\",\"publisher\":{\"@id\":\"https:\/\/ecomlux.lu\/lu\/#organization\"},\"potentialAction\":[{\"@type\":\"SearchAction\",\"target\":{\"@type\":\"EntryPoint\",\"urlTemplate\":\"https:\/\/ecomlux.lu\/lu\/?s={search_term_string}\"},\"query-input\":{\"@type\":\"PropertyValueSpecification\",\"valueRequired\":true,\"valueName\":\"search_term_string\"}}],\"inLanguage\":\"lu-LU\"},{\"@type\":\"Organization\",\"@id\":\"https:\/\/ecomlux.lu\/lu\/#organization\",\"name\":\"ECOM LUX | Votre vision, notre expertise\",\"url\":\"https:\/\/ecomlux.lu\/lu\/\",\"logo\":{\"@type\":\"ImageObject\",\"inLanguage\":\"lu-LU\",\"@id\":\"https:\/\/ecomlux.lu\/lu\/#\/schema\/logo\/image\/\",\"url\":\"https:\/\/ecomlux.lu\/wp-content\/uploads\/2022\/11\/logo-ecomlux-partenaire-digital-noir.webp?wsr\",\"contentUrl\":\"https:\/\/ecomlux.lu\/wp-content\/uploads\/2022\/11\/logo-ecomlux-partenaire-digital-noir.webp?wsr\",\"width\":600,\"height\":180,\"caption\":\"ECOM LUX | Votre vision, notre expertise\"},\"image\":{\"@id\":\"https:\/\/ecomlux.lu\/lu\/#\/schema\/logo\/image\/\"},\"sameAs\":[\"https:\/\/www.facebook.com\/ecomlux2020\",\"https:\/\/www.instagram.com\/ecom_lux\/\",\"https:\/\/www.linkedin.com\/company\/ecom-lux\/\",\"https:\/\/www.tiktok.com\/@ecom_lux\"]}]}<\/script>\n<!-- \/ Yoast SEO plugin. -->","yoast_head_json":{"title":"A puer Schr\u00ebtt uf\u00e4nken | ECOM LUX","description":"Dir w\u00ebsst net wou Dir uf\u00e4nke sollt? F\u00ebllt eise klenge Formulaire an enger Minutte aus a loosst Iech vun eis leeden!","robots":{"index":"index","follow":"follow","max-snippet":"max-snippet:-1","max-image-preview":"max-image-preview:large","max-video-preview":"max-video-preview:-1"},"canonical":"https:\/\/ecomlux.lu\/lu\/rendez-vous\/","og_locale":"en_US","og_type":"article","og_title":"A puer Schr\u00ebtt uf\u00e4nken | ECOM LUX","og_description":"Dir w\u00ebsst net wou Dir uf\u00e4nke sollt? F\u00ebllt eise klenge Formulaire an enger Minutte aus a loosst Iech vun eis leeden!","og_url":"https:\/\/ecomlux.lu\/lu\/rendez-vous\/","og_site_name":"ECOM LUX | Agence digitale","article_publisher":"https:\/\/www.facebook.com\/ecomlux2020","article_modified_time":"2024-11-18T14:27:43+00:00","og_image":[{"width":1000,"height":1000,"url":"https:\/\/ecomlux.lu\/wp-content\/uploads\/2024\/03\/ECOMLUX-pages-rendezvous.png","type":"image\/png"}],"twitter_card":"summary_large_image","twitter_misc":{"Est. reading time":"1 minute"},"schema":{"@context":"https:\/\/schema.org","@graph":[{"@type":"WebPage","@id":"https:\/\/ecomlux.lu\/lu\/rendez-vous\/","url":"https:\/\/ecomlux.lu\/lu\/rendez-vous\/","name":"A puer Schr\u00ebtt uf\u00e4nken | ECOM LUX","isPartOf":{"@id":"https:\/\/ecomlux.lu\/lu\/#website"},"primaryImageOfPage":{"@id":"https:\/\/ecomlux.lu\/lu\/rendez-vous\/#primaryimage"},"image":{"@id":"https:\/\/ecomlux.lu\/lu\/rendez-vous\/#primaryimage"},"thumbnailUrl":"https:\/\/ecomlux.lu\/wp-content\/uploads\/2024\/03\/ECOMLUX-pages-rendezvous.png?wsr","datePublished":"2022-11-02T10:36:43+00:00","dateModified":"2024-11-18T14:27:43+00:00","description":"Dir w\u00ebsst net wou Dir uf\u00e4nke sollt? F\u00ebllt eise klenge Formulaire an enger Minutte aus a loosst Iech vun eis leeden!","breadcrumb":{"@id":"https:\/\/ecomlux.lu\/lu\/rendez-vous\/#breadcrumb"},"inLanguage":"lu-LU","potentialAction":[{"@type":"ReadAction","target":["https:\/\/ecomlux.lu\/lu\/rendez-vous\/"]}]},{"@type":"ImageObject","inLanguage":"lu-LU","@id":"https:\/\/ecomlux.lu\/lu\/rendez-vous\/#primaryimage","url":"https:\/\/ecomlux.lu\/wp-content\/uploads\/2024\/03\/ECOMLUX-pages-rendezvous.png?wsr","contentUrl":"https:\/\/ecomlux.lu\/wp-content\/uploads\/2024\/03\/ECOMLUX-pages-rendezvous.png?wsr","width":1000,"height":1000},{"@type":"BreadcrumbList","@id":"https:\/\/ecomlux.lu\/lu\/rendez-vous\/#breadcrumb","itemListElement":[{"@type":"ListItem","position":1,"name":"Home","item":"https:\/\/ecomlux.lu\/lu\/kommunikatiounsagence-zu-letzebuerg\/"},{"@type":"ListItem","position":2,"name":"Rendez-vous"}]},{"@type":"WebSite","@id":"https:\/\/ecomlux.lu\/lu\/#website","url":"https:\/\/ecomlux.lu\/lu\/","name":"ECOM LUX | Agence de communication Luxembourg","description":"Votre agence de communication 360\u00b0 | ECOM LUX","publisher":{"@id":"https:\/\/ecomlux.lu\/lu\/#organization"},"potentialAction":[{"@type":"SearchAction","target":{"@type":"EntryPoint","urlTemplate":"https:\/\/ecomlux.lu\/lu\/?s={search_term_string}"},"query-input":{"@type":"PropertyValueSpecification","valueRequired":true,"valueName":"search_term_string"}}],"inLanguage":"lu-LU"},{"@type":"Organization","@id":"https:\/\/ecomlux.lu\/lu\/#organization","name":"ECOM LUX | Votre vision, notre expertise","url":"https:\/\/ecomlux.lu\/lu\/","logo":{"@type":"ImageObject","inLanguage":"lu-LU","@id":"https:\/\/ecomlux.lu\/lu\/#\/schema\/logo\/image\/","url":"https:\/\/ecomlux.lu\/wp-content\/uploads\/2022\/11\/logo-ecomlux-partenaire-digital-noir.webp?wsr","contentUrl":"https:\/\/ecomlux.lu\/wp-content\/uploads\/2022\/11\/logo-ecomlux-partenaire-digital-noir.webp?wsr","width":600,"height":180,"caption":"ECOM LUX | Votre vision, notre expertise"},"image":{"@id":"https:\/\/ecomlux.lu\/lu\/#\/schema\/logo\/image\/"},"sameAs":["https:\/\/www.facebook.com\/ecomlux2020","https:\/\/www.instagram.com\/ecom_lux\/","https:\/\/www.linkedin.com\/company\/ecom-lux\/","https:\/\/www.tiktok.com\/@ecom_lux"]}]}},"_links":{"self":[{"href":"https:\/\/ecomlux.lu\/lu\/wp-json\/wp\/v2\/pages\/24586","targetHints":{"allow":["GET"]}}],"collection":[{"href":"https:\/\/ecomlux.lu\/lu\/wp-json\/wp\/v2\/pages"}],"about":[{"href":"https:\/\/ecomlux.lu\/lu\/wp-json\/wp\/v2\/types\/page"}],"author":[{"embeddable":true,"href":"https:\/\/ecomlux.lu\/lu\/wp-json\/wp\/v2\/users\/2"}],"replies":[{"embeddable":true,"href":"https:\/\/ecomlux.lu\/lu\/wp-json\/wp\/v2\/comments?post=24586"}],"version-history":[{"count":27,"href":"https:\/\/ecomlux.lu\/lu\/wp-json\/wp\/v2\/pages\/24586\/revisions"}],"predecessor-version":[{"id":31316,"href":"https:\/\/ecomlux.lu\/lu\/wp-json\/wp\/v2\/pages\/24586\/revisions\/31316"}],"wp:featuredmedia":[{"embeddable":true,"href":"https:\/\/ecomlux.lu\/lu\/wp-json\/wp\/v2\/media\/24446"}],"wp:attachment":[{"href":"https:\/\/ecomlux.lu\/lu\/wp-json\/wp\/v2\/media?parent=24586"}],"curies":[{"name":"wp","href":"https:\/\/api.w.org\/{rel}","templated":true}]}}