{"id":24688,"date":"2022-11-02T10:36:24","date_gmt":"2022-11-02T10:36:24","guid":{"rendered":"https:\/\/ecomlux.lu\/portfolio\/"},"modified":"2024-05-02T11:33:47","modified_gmt":"2024-05-02T11:33:47","slug":"portfolio","status":"publish","type":"page","link":"https:\/\/ecomlux.lu\/lu\/portfolio\/","title":{"rendered":"Portfolio"},"content":{"rendered":"\t\t<div data-elementor-type=\"wp-page\" data-elementor-id=\"24688\" class=\"elementor elementor-24688 elementor-39\" data-elementor-post-type=\"page\">\n\t\t\t\t\t\t<section class=\"elementor-section elementor-top-section elementor-element elementor-element-5b78daf elementor-section-height-min-height elementor-section-boxed elementor-section-height-default elementor-section-items-middle\" data-id=\"5b78daf\" data-element_type=\"section\" data-settings=\"{&quot;background_background&quot;:&quot;gradient&quot;,&quot;background_motion_fx_motion_fx_scrolling&quot;:&quot;yes&quot;,&quot;background_motion_fx_translateX_effect&quot;:&quot;yes&quot;,&quot;background_motion_fx_translateX_speed&quot;:{&quot;unit&quot;:&quot;px&quot;,&quot;size&quot;:4,&quot;sizes&quot;:[]},&quot;background_motion_fx_translateX_affectedRange&quot;:{&quot;unit&quot;:&quot;%&quot;,&quot;size&quot;:&quot;&quot;,&quot;sizes&quot;:{&quot;start&quot;:0,&quot;end&quot;:100}},&quot;background_motion_fx_devices&quot;:[&quot;widescreen&quot;,&quot;desktop&quot;,&quot;tablet&quot;,&quot;mobile&quot;]}\">\n\t\t\t\t\t\t<div class=\"elementor-container elementor-column-gap-default\">\n\t\t\t\t\t<div class=\"elementor-column elementor-col-50 elementor-top-column elementor-element elementor-element-4c52549 animated-fast elementor-invisible\" data-id=\"4c52549\" data-element_type=\"column\" data-settings=\"{&quot;background_background&quot;:&quot;classic&quot;,&quot;animation&quot;:&quot;fadeIn&quot;}\">\n\t\t\t<div class=\"elementor-widget-wrap elementor-element-populated\">\n\t\t\t\t\t\t<div class=\"elementor-element elementor-element-ae349b6 elementor-widget elementor-widget-pp-content-reveal\" data-id=\"ae349b6\" data-element_type=\"widget\" data-settings=\"{&quot;default_content_state&quot;:&quot;unreveal&quot;}\" data-widget_type=\"pp-content-reveal.default\">\n\t\t\t\t<div class=\"elementor-widget-container\">\n\t\t\t\t\t\t\t<div class=\"pp-content-reveal-content-wrapper\" data-speed=\"0.5\" data-visibility=\"lines\" data-scroll-top=\"yes\" data-lines=\"4\">\n\t\t\t<div class=\"pp-content-reveal-content\">\n\t\t\t\t<div class=\"elementor-element elementor-element-7a43220 elementor-widget elementor-widget-text-editor\" data-id=\"7a43220\" data-element_type=\"widget\" data-widget_type=\"text-editor.default\">\n<div class=\"elementor-widget-container\">\n<div class=\"elementor-text-editor elementor-clearfix\">\n<p>ECOM LUX <strong>begleet<\/strong> Iech bei <strong>der Entw\u00e9cklung<\/strong> <strong>vun \u00c4re Projeten<\/strong> an alle Branchen, egal op et sech em eng kleng oder eng grouss Entreprise handelt.<\/p>\n<\/p>\n<p>Mir hu scho mat ville <strong>verschiddenen Aktivit\u00e9itssecteure geschafft<\/strong>: Reesb\u00fcroen, Sportsver\u00e4iner an Traineren, Immobilienagenturen, Dekoratiounsgesch\u00e4fter, Vertrauensfirmen, Finanzsecteur, Dokteren, Eventer, Associatiounen a villes m\u00e9i.<\/p>\n<\/div>\n<\/div>\n<\/div>\n\t\t\t<\/div>\n\t\t\t\t\t\t\t<div class=\"pp-content-reveal-saparator\"><\/div>\n\t\t\t\t\t<\/div>\n\t\t<div class=\"pp-content-reveal-buttons-wrapper\">\n\t\t\t<div class=\"pp-content-reveal-button-inner elementor-button elementor-size-md pp-button-icon-after\">\n\t\t\t\t<span class=\"pp-content-reveal-button pp-content-reveal-button-open\">\n\t\t\t\t\t<span class=\"pp-content-reveal-button-content\">\n\t\t\t\t\t\t\t\t\t\t\t\t\t<span class=\"pp-button-icon pp-icon\"><i class=\"fas fa-minus\"><\/i><\/span>\n\t\t\t\t\t\t\t\t\t\t\t\t\t\t\t\t\t<\/span>\n\t\t\t\t<\/span>\n\t\t\t\t<span class=\"pp-content-reveal-button pp-content-reveal-button-closed\">\n\t\t\t\t\t<span class=\"pp-content-reveal-button-content\">\n\t\t\t\t\t\t\t\t\t\t\t\t\t<span class=\"pp-button-icon pp-icon\"><i class=\"fas fa-plus\"><\/i><\/span>\n\t\t\t\t\t\t\t\t\t\t\t\t\t\t\t\t\t<\/span>\n\t\t\t\t<\/span>\n\t\t\t<\/div>\n\t\t<\/div>\n\t\t\t\t\t\t<\/div>\n\t\t\t\t<\/div>\n\t\t\t\t\t<\/div>\n\t\t<\/div>\n\t\t\t\t<div class=\"elementor-column elementor-col-50 elementor-top-column elementor-element elementor-element-e9cd88d animated-fast elementor-invisible\" data-id=\"e9cd88d\" data-element_type=\"column\" data-settings=\"{&quot;animation&quot;:&quot;fadeIn&quot;}\">\n\t\t\t<div class=\"elementor-widget-wrap elementor-element-populated\">\n\t\t\t\t\t\t<div class=\"elementor-element elementor-element-634e7e3 elementor-widget elementor-widget-heading\" data-id=\"634e7e3\" data-element_type=\"widget\" data-widget_type=\"heading.default\">\n\t\t\t\t<div class=\"elementor-widget-container\">\n\t\t\t\t\t<h1 class=\"elementor-heading-title elementor-size-default\">Portfolio<\/h1>\t\t\t\t<\/div>\n\t\t\t\t<\/div>\n\t\t\t\t<div class=\"elementor-element elementor-element-0fd4278 elementor-widget elementor-widget-heading\" data-id=\"0fd4278\" data-element_type=\"widget\" data-widget_type=\"heading.default\">\n\t\t\t\t<div class=\"elementor-widget-container\">\n\t\t\t\t\t<h2 class=\"elementor-heading-title elementor-size-default\">Entdeckt all eis Realisatiounen!\n<\/h2>\t\t\t\t<\/div>\n\t\t\t\t<\/div>\n\t\t\t\t\t<\/div>\n\t\t<\/div>\n\t\t\t\t\t<\/div>\n\t\t<\/section>\n\t\t\t\t<section class=\"elementor-section elementor-top-section elementor-element elementor-element-d2eb714 elementor-section-boxed elementor-section-height-default elementor-section-height-default\" data-id=\"d2eb714\" data-element_type=\"section\" data-settings=\"{&quot;background_background&quot;:&quot;classic&quot;}\">\n\t\t\t\t\t\t<div class=\"elementor-container elementor-column-gap-default\">\n\t\t\t\t\t<div class=\"elementor-column elementor-col-100 elementor-top-column elementor-element elementor-element-74d4007\" data-id=\"74d4007\" data-element_type=\"column\">\n\t\t\t<div class=\"elementor-widget-wrap elementor-element-populated\">\n\t\t\t\t\t\t<div class=\"elementor-element elementor-element-a57ba04 elementor-widget elementor-widget-pp-advanced-menu\" data-id=\"a57ba04\" data-element_type=\"widget\" data-settings=\"{&quot;layout&quot;:&quot;horizontal&quot;,&quot;show_submenu_on&quot;:&quot;hover&quot;,&quot;submenu_icon&quot;:{&quot;value&quot;:&quot;&lt;i class=\\&quot;fas fa-caret-down\\&quot;&gt;&lt;\\\/i&gt;&quot;,&quot;library&quot;:&quot;fa-solid&quot;},&quot;menu_type&quot;:&quot;default&quot;,&quot;toggle&quot;:&quot;icon&quot;,&quot;toggle_icon_type&quot;:&quot;hamburger&quot;,&quot;show_responsive_submenu_on&quot;:&quot;icon&quot;}\" data-widget_type=\"pp-advanced-menu.default\">\n\t\t\t\t<div class=\"elementor-widget-container\">\n\t\t\t\t\t\t\t\t\t<div class=\"pp-advanced-menu-main-wrapper pp-advanced-menu__align-center pp-advanced-menu--dropdown-tablet pp-advanced-menu--type-default pp-advanced-menu__text-align-aside pp-advanced-menu--toggle pp-advanced-menu--icon\">\n\t\t\t\t\t\t\t\t<nav id=\"pp-menu-a57ba04\" class=\"pp-advanced-menu--main pp-advanced-menu__container pp-advanced-menu--layout-horizontal pp--pointer-brackets\" aria-label=\"Portfolio menu\" data-settings=\"{&quot;menu_id&quot;:&quot;a57ba04&quot;,&quot;breakpoint&quot;:&quot;tablet&quot;,&quot;full_width&quot;:false}\"><ul id=\"menu-portfolio-menu-lu\" class=\"pp-advanced-menu\"><li class=\"menu-item menu-item-type-post_type menu-item-object-page menu-item-35851\"><a href=\"https:\/\/ecomlux.lu\/lu\/portfolio\/websait\/\" class=\"pp-menu-item\">Webs\u00e4it<\/a><\/li>\n<li class=\"menu-item menu-item-type-post_type menu-item-object-page menu-item-30507\"><a href=\"https:\/\/ecomlux.lu\/lu\/portfolio\/portfolio-social-media\/\" class=\"pp-menu-item\">Social media<\/a><\/li>\n<li class=\"menu-item menu-item-type-post_type menu-item-object-page menu-item-30506\"><a href=\"https:\/\/ecomlux.lu\/lu\/portfolio\/portfolio-branding\/\" class=\"pp-menu-item\">Branding<\/a><\/li>\n<li class=\"menu-item menu-item-type-post_type menu-item-object-page menu-item-30508\"><a href=\"https:\/\/ecomlux.lu\/lu\/portfolio\/portfolio-print\/\" class=\"pp-menu-item\">Print<\/a><\/li>\n<li class=\"menu-item menu-item-type-post_type menu-item-object-page menu-item-30509\"><a href=\"https:\/\/ecomlux.lu\/lu\/portfolio\/portfolio-videoen\/\" class=\"pp-menu-item\">Videoen<\/a><\/li>\n<\/ul><\/nav>\n\t\t\t\t\t\t\t\t\t\t\t\t\t\t\t<div class=\"pp-menu-toggle pp-menu-toggle-on-tablet\">\n\t\t\t\t\t\t\t\t\t\t\t<div class=\"pp-hamburger\">\n\t\t\t\t\t\t\t<div class=\"pp-hamburger-box\">\n\t\t\t\t\t\t\t\t\t\t\t\t\t\t\t\t\t<div class=\"pp-hamburger-inner\"><\/div>\n\t\t\t\t\t\t\t\t\t\t\t\t\t\t\t<\/div>\n\t\t\t\t\t\t<\/div>\n\t\t\t\t\t\t\t\t\t\t\t\t\t\t<\/div>\n\t\t\t\t\t\t\t\t\t\t\t\t<nav class=\"pp-advanced-menu--dropdown pp-menu-style-toggle pp-advanced-menu__container pp-menu-a57ba04 pp-menu-default\" data-settings=\"{&quot;menu_id&quot;:&quot;a57ba04&quot;,&quot;breakpoint&quot;:&quot;tablet&quot;,&quot;full_width&quot;:false}\">\n\t\t\t\t\t\t\t\t\t\t\t\t<ul id=\"menu-portfolio-menu-lu-1\" class=\"pp-advanced-menu\"><li class=\"menu-item menu-item-type-post_type menu-item-object-page menu-item-35851\"><a href=\"https:\/\/ecomlux.lu\/lu\/portfolio\/websait\/\" class=\"pp-menu-item\">Webs\u00e4it<\/a><\/li>\n<li class=\"menu-item menu-item-type-post_type menu-item-object-page menu-item-30507\"><a href=\"https:\/\/ecomlux.lu\/lu\/portfolio\/portfolio-social-media\/\" class=\"pp-menu-item\">Social media<\/a><\/li>\n<li class=\"menu-item menu-item-type-post_type menu-item-object-page menu-item-30506\"><a href=\"https:\/\/ecomlux.lu\/lu\/portfolio\/portfolio-branding\/\" class=\"pp-menu-item\">Branding<\/a><\/li>\n<li class=\"menu-item menu-item-type-post_type menu-item-object-page menu-item-30508\"><a href=\"https:\/\/ecomlux.lu\/lu\/portfolio\/portfolio-print\/\" class=\"pp-menu-item\">Print<\/a><\/li>\n<li class=\"menu-item menu-item-type-post_type menu-item-object-page menu-item-30509\"><a href=\"https:\/\/ecomlux.lu\/lu\/portfolio\/portfolio-videoen\/\" class=\"pp-menu-item\">Videoen<\/a><\/li>\n<\/ul>\t\t\t\t\t\t\t<\/nav>\n\t\t\t\t\t\t\t<\/div>\n\t\t\t\t\t\t\t\t<\/div>\n\t\t\t\t<\/div>\n\t\t\t\t\t<\/div>\n\t\t<\/div>\n\t\t\t\t\t<\/div>\n\t\t<\/section>\n\t\t\t\t<section class=\"elementor-section elementor-top-section elementor-element elementor-element-3a8970f elementor-section-boxed elementor-section-height-default elementor-section-height-default\" data-id=\"3a8970f\" data-element_type=\"section\">\n\t\t\t\t\t\t<div class=\"elementor-container elementor-column-gap-default\">\n\t\t\t\t\t<div class=\"elementor-column elementor-col-100 elementor-top-column elementor-element elementor-element-19d2fa0\" data-id=\"19d2fa0\" data-element_type=\"column\">\n\t\t\t<div class=\"elementor-widget-wrap elementor-element-populated\">\n\t\t\t\t\t\t<div class=\"elementor-element elementor-element-c97a2c3 elementor-widget elementor-widget-spacer\" data-id=\"c97a2c3\" data-element_type=\"widget\" data-widget_type=\"spacer.default\">\n\t\t\t\t<div class=\"elementor-widget-container\">\n\t\t\t\t\t\t\t<div class=\"elementor-spacer\">\n\t\t\t<div class=\"elementor-spacer-inner\"><\/div>\n\t\t<\/div>\n\t\t\t\t\t\t<\/div>\n\t\t\t\t<\/div>\n\t\t\t\t\t<\/div>\n\t\t<\/div>\n\t\t\t\t\t<\/div>\n\t\t<\/section>\n\t\t\t\t<\/div>\n\t\t","protected":false},"excerpt":{"rendered":"<p>ECOM LUX begleet Iech bei der Entw\u00e9cklung vun \u00c4re Projeten an alle Branchen, egal op et sech em eng kleng oder eng grouss Entreprise handelt. Mir hu scho mat ville verschiddenen Aktivit\u00e9itssecteure geschafft: Reesb\u00fcroen, Sportsver\u00e4iner an Traineren, Immobilienagenturen, Dekoratiounsgesch\u00e4fter, Vertrauensfirmen, Finanzsecteur, Dokteren, Eventer, Associatiounen a villes m\u00e9i. Portfolio Entdeckt all eis Realisatiounen!<\/p>\n","protected":false},"author":2,"featured_media":24422,"parent":0,"menu_order":0,"comment_status":"closed","ping_status":"closed","template":"","meta":{"inline_featured_image":false,"footnotes":""},"class_list":["post-24688","page","type-page","status-publish","has-post-thumbnail","hentry"],"yoast_head":"<!-- This site is optimized with the Yoast SEO plugin v26.1.1 - https:\/\/yoast.com\/wordpress\/plugins\/seo\/ -->\n<title>Portfolio mat eise Realisatiounen | ECOM LUX<\/title>\n<meta name=\"description\" content=\"Loosst Iech vun eisen op d&#039;Moos geschneiderte Projeten inspir\u00e9ieren, d\u00e9i an enker Zesummenaarbecht mat eise Cliente entstane sinn.\" \/>\n<meta name=\"robots\" content=\"index, follow, max-snippet:-1, max-image-preview:large, max-video-preview:-1\" \/>\n<link rel=\"canonical\" href=\"https:\/\/ecomlux.lu\/lu\/portfolio\/\" \/>\n<meta property=\"og:locale\" content=\"en_US\" \/>\n<meta property=\"og:type\" content=\"article\" \/>\n<meta property=\"og:title\" content=\"Portfolio mat eise Realisatiounen | ECOM LUX\" \/>\n<meta property=\"og:description\" content=\"Loosst Iech vun eisen op d&#039;Moos geschneiderte Projeten inspir\u00e9ieren, d\u00e9i an enker Zesummenaarbecht mat eise Cliente entstane sinn.\" \/>\n<meta property=\"og:url\" content=\"https:\/\/ecomlux.lu\/lu\/portfolio\/\" \/>\n<meta property=\"og:site_name\" content=\"ECOM LUX | Agence digitale\" \/>\n<meta property=\"article:publisher\" content=\"https:\/\/www.facebook.com\/ecomlux2020\" \/>\n<meta property=\"article:modified_time\" content=\"2024-05-02T11:33:47+00:00\" \/>\n<meta property=\"og:image\" content=\"https:\/\/ecomlux.lu\/wp-content\/uploads\/2024\/03\/ECOMLUX-pages-portfolio.png\" \/>\n\t<meta property=\"og:image:width\" content=\"1000\" \/>\n\t<meta property=\"og:image:height\" content=\"1000\" \/>\n\t<meta property=\"og:image:type\" content=\"image\/png\" \/>\n<meta name=\"twitter:card\" content=\"summary_large_image\" \/>\n<script type=\"application\/ld+json\" class=\"yoast-schema-graph\">{\"@context\":\"https:\/\/schema.org\",\"@graph\":[{\"@type\":\"WebPage\",\"@id\":\"https:\/\/ecomlux.lu\/lu\/portfolio\/\",\"url\":\"https:\/\/ecomlux.lu\/lu\/portfolio\/\",\"name\":\"Portfolio mat eise Realisatiounen | ECOM LUX\",\"isPartOf\":{\"@id\":\"https:\/\/ecomlux.lu\/lu\/#website\"},\"primaryImageOfPage\":{\"@id\":\"https:\/\/ecomlux.lu\/lu\/portfolio\/#primaryimage\"},\"image\":{\"@id\":\"https:\/\/ecomlux.lu\/lu\/portfolio\/#primaryimage\"},\"thumbnailUrl\":\"https:\/\/ecomlux.lu\/wp-content\/uploads\/2024\/03\/ECOMLUX-pages-portfolio.png?wsr\",\"datePublished\":\"2022-11-02T10:36:24+00:00\",\"dateModified\":\"2024-05-02T11:33:47+00:00\",\"description\":\"Loosst Iech vun eisen op d'Moos geschneiderte Projeten inspir\u00e9ieren, d\u00e9i an enker Zesummenaarbecht mat eise Cliente entstane sinn.\",\"breadcrumb\":{\"@id\":\"https:\/\/ecomlux.lu\/lu\/portfolio\/#breadcrumb\"},\"inLanguage\":\"lu-LU\",\"potentialAction\":[{\"@type\":\"ReadAction\",\"target\":[\"https:\/\/ecomlux.lu\/lu\/portfolio\/\"]}]},{\"@type\":\"ImageObject\",\"inLanguage\":\"lu-LU\",\"@id\":\"https:\/\/ecomlux.lu\/lu\/portfolio\/#primaryimage\",\"url\":\"https:\/\/ecomlux.lu\/wp-content\/uploads\/2024\/03\/ECOMLUX-pages-portfolio.png?wsr\",\"contentUrl\":\"https:\/\/ecomlux.lu\/wp-content\/uploads\/2024\/03\/ECOMLUX-pages-portfolio.png?wsr\",\"width\":1000,\"height\":1000},{\"@type\":\"BreadcrumbList\",\"@id\":\"https:\/\/ecomlux.lu\/lu\/portfolio\/#breadcrumb\",\"itemListElement\":[{\"@type\":\"ListItem\",\"position\":1,\"name\":\"Home\",\"item\":\"https:\/\/ecomlux.lu\/lu\/kommunikatiounsagence-zu-letzebuerg\/\"},{\"@type\":\"ListItem\",\"position\":2,\"name\":\"Priv\u00e9\u00a0: Portfolio\"}]},{\"@type\":\"WebSite\",\"@id\":\"https:\/\/ecomlux.lu\/lu\/#website\",\"url\":\"https:\/\/ecomlux.lu\/lu\/\",\"name\":\"ECOM LUX | Agence de communication Luxembourg\",\"description\":\"Votre agence de communication 360\u00b0 | ECOM LUX\",\"publisher\":{\"@id\":\"https:\/\/ecomlux.lu\/lu\/#organization\"},\"potentialAction\":[{\"@type\":\"SearchAction\",\"target\":{\"@type\":\"EntryPoint\",\"urlTemplate\":\"https:\/\/ecomlux.lu\/lu\/?s={search_term_string}\"},\"query-input\":{\"@type\":\"PropertyValueSpecification\",\"valueRequired\":true,\"valueName\":\"search_term_string\"}}],\"inLanguage\":\"lu-LU\"},{\"@type\":\"Organization\",\"@id\":\"https:\/\/ecomlux.lu\/lu\/#organization\",\"name\":\"ECOM LUX | Votre vision, notre expertise\",\"url\":\"https:\/\/ecomlux.lu\/lu\/\",\"logo\":{\"@type\":\"ImageObject\",\"inLanguage\":\"lu-LU\",\"@id\":\"https:\/\/ecomlux.lu\/lu\/#\/schema\/logo\/image\/\",\"url\":\"https:\/\/ecomlux.lu\/wp-content\/uploads\/2022\/11\/logo-ecomlux-partenaire-digital-noir.webp?wsr\",\"contentUrl\":\"https:\/\/ecomlux.lu\/wp-content\/uploads\/2022\/11\/logo-ecomlux-partenaire-digital-noir.webp?wsr\",\"width\":600,\"height\":180,\"caption\":\"ECOM LUX | Votre vision, notre expertise\"},\"image\":{\"@id\":\"https:\/\/ecomlux.lu\/lu\/#\/schema\/logo\/image\/\"},\"sameAs\":[\"https:\/\/www.facebook.com\/ecomlux2020\",\"https:\/\/www.instagram.com\/ecom_lux\/\",\"https:\/\/www.linkedin.com\/company\/ecom-lux\/\",\"https:\/\/www.tiktok.com\/@ecom_lux\"]}]}<\/script>\n<!-- \/ Yoast SEO plugin. -->","yoast_head_json":{"title":"Portfolio mat eise Realisatiounen | ECOM LUX","description":"Loosst Iech vun eisen op d'Moos geschneiderte Projeten inspir\u00e9ieren, d\u00e9i an enker Zesummenaarbecht mat eise Cliente entstane sinn.","robots":{"index":"index","follow":"follow","max-snippet":"max-snippet:-1","max-image-preview":"max-image-preview:large","max-video-preview":"max-video-preview:-1"},"canonical":"https:\/\/ecomlux.lu\/lu\/portfolio\/","og_locale":"en_US","og_type":"article","og_title":"Portfolio mat eise Realisatiounen | ECOM LUX","og_description":"Loosst Iech vun eisen op d'Moos geschneiderte Projeten inspir\u00e9ieren, d\u00e9i an enker Zesummenaarbecht mat eise Cliente entstane sinn.","og_url":"https:\/\/ecomlux.lu\/lu\/portfolio\/","og_site_name":"ECOM LUX | Agence digitale","article_publisher":"https:\/\/www.facebook.com\/ecomlux2020","article_modified_time":"2024-05-02T11:33:47+00:00","og_image":[{"width":1000,"height":1000,"url":"https:\/\/ecomlux.lu\/wp-content\/uploads\/2024\/03\/ECOMLUX-pages-portfolio.png","type":"image\/png"}],"twitter_card":"summary_large_image","schema":{"@context":"https:\/\/schema.org","@graph":[{"@type":"WebPage","@id":"https:\/\/ecomlux.lu\/lu\/portfolio\/","url":"https:\/\/ecomlux.lu\/lu\/portfolio\/","name":"Portfolio mat eise Realisatiounen | ECOM LUX","isPartOf":{"@id":"https:\/\/ecomlux.lu\/lu\/#website"},"primaryImageOfPage":{"@id":"https:\/\/ecomlux.lu\/lu\/portfolio\/#primaryimage"},"image":{"@id":"https:\/\/ecomlux.lu\/lu\/portfolio\/#primaryimage"},"thumbnailUrl":"https:\/\/ecomlux.lu\/wp-content\/uploads\/2024\/03\/ECOMLUX-pages-portfolio.png?wsr","datePublished":"2022-11-02T10:36:24+00:00","dateModified":"2024-05-02T11:33:47+00:00","description":"Loosst Iech vun eisen op d'Moos geschneiderte Projeten inspir\u00e9ieren, d\u00e9i an enker Zesummenaarbecht mat eise Cliente entstane sinn.","breadcrumb":{"@id":"https:\/\/ecomlux.lu\/lu\/portfolio\/#breadcrumb"},"inLanguage":"lu-LU","potentialAction":[{"@type":"ReadAction","target":["https:\/\/ecomlux.lu\/lu\/portfolio\/"]}]},{"@type":"ImageObject","inLanguage":"lu-LU","@id":"https:\/\/ecomlux.lu\/lu\/portfolio\/#primaryimage","url":"https:\/\/ecomlux.lu\/wp-content\/uploads\/2024\/03\/ECOMLUX-pages-portfolio.png?wsr","contentUrl":"https:\/\/ecomlux.lu\/wp-content\/uploads\/2024\/03\/ECOMLUX-pages-portfolio.png?wsr","width":1000,"height":1000},{"@type":"BreadcrumbList","@id":"https:\/\/ecomlux.lu\/lu\/portfolio\/#breadcrumb","itemListElement":[{"@type":"ListItem","position":1,"name":"Home","item":"https:\/\/ecomlux.lu\/lu\/kommunikatiounsagence-zu-letzebuerg\/"},{"@type":"ListItem","position":2,"name":"Priv\u00e9\u00a0: Portfolio"}]},{"@type":"WebSite","@id":"https:\/\/ecomlux.lu\/lu\/#website","url":"https:\/\/ecomlux.lu\/lu\/","name":"ECOM LUX | Agence de communication Luxembourg","description":"Votre agence de communication 360\u00b0 | ECOM LUX","publisher":{"@id":"https:\/\/ecomlux.lu\/lu\/#organization"},"potentialAction":[{"@type":"SearchAction","target":{"@type":"EntryPoint","urlTemplate":"https:\/\/ecomlux.lu\/lu\/?s={search_term_string}"},"query-input":{"@type":"PropertyValueSpecification","valueRequired":true,"valueName":"search_term_string"}}],"inLanguage":"lu-LU"},{"@type":"Organization","@id":"https:\/\/ecomlux.lu\/lu\/#organization","name":"ECOM LUX | Votre vision, notre expertise","url":"https:\/\/ecomlux.lu\/lu\/","logo":{"@type":"ImageObject","inLanguage":"lu-LU","@id":"https:\/\/ecomlux.lu\/lu\/#\/schema\/logo\/image\/","url":"https:\/\/ecomlux.lu\/wp-content\/uploads\/2022\/11\/logo-ecomlux-partenaire-digital-noir.webp?wsr","contentUrl":"https:\/\/ecomlux.lu\/wp-content\/uploads\/2022\/11\/logo-ecomlux-partenaire-digital-noir.webp?wsr","width":600,"height":180,"caption":"ECOM LUX | Votre vision, notre expertise"},"image":{"@id":"https:\/\/ecomlux.lu\/lu\/#\/schema\/logo\/image\/"},"sameAs":["https:\/\/www.facebook.com\/ecomlux2020","https:\/\/www.instagram.com\/ecom_lux\/","https:\/\/www.linkedin.com\/company\/ecom-lux\/","https:\/\/www.tiktok.com\/@ecom_lux"]}]}},"_links":{"self":[{"href":"https:\/\/ecomlux.lu\/lu\/wp-json\/wp\/v2\/pages\/24688","targetHints":{"allow":["GET"]}}],"collection":[{"href":"https:\/\/ecomlux.lu\/lu\/wp-json\/wp\/v2\/pages"}],"about":[{"href":"https:\/\/ecomlux.lu\/lu\/wp-json\/wp\/v2\/types\/page"}],"author":[{"embeddable":true,"href":"https:\/\/ecomlux.lu\/lu\/wp-json\/wp\/v2\/users\/2"}],"replies":[{"embeddable":true,"href":"https:\/\/ecomlux.lu\/lu\/wp-json\/wp\/v2\/comments?post=24688"}],"version-history":[{"count":17,"href":"https:\/\/ecomlux.lu\/lu\/wp-json\/wp\/v2\/pages\/24688\/revisions"}],"predecessor-version":[{"id":27627,"href":"https:\/\/ecomlux.lu\/lu\/wp-json\/wp\/v2\/pages\/24688\/revisions\/27627"}],"wp:featuredmedia":[{"embeddable":true,"href":"https:\/\/ecomlux.lu\/lu\/wp-json\/wp\/v2\/media\/24422"}],"wp:attachment":[{"href":"https:\/\/ecomlux.lu\/lu\/wp-json\/wp\/v2\/media?parent=24688"}],"curies":[{"name":"wp","href":"https:\/\/api.w.org\/{rel}","templated":true}]}}