{"id":25066,"date":"2022-11-02T10:38:44","date_gmt":"2022-11-02T10:38:44","guid":{"rendered":"https:\/\/ecomlux.lu\/legal-mentiounen\/"},"modified":"2024-04-23T15:18:41","modified_gmt":"2024-04-23T15:18:41","slug":"legal-mentiounen","status":"publish","type":"page","link":"https:\/\/ecomlux.lu\/lu\/legal-mentiounen\/","title":{"rendered":"L\u00e9gal Mentiounen"},"content":{"rendered":"\t\t<div data-elementor-type=\"wp-page\" data-elementor-id=\"25066\" class=\"elementor elementor-25066 elementor-49\" data-elementor-post-type=\"page\">\n\t\t\t\t\t\t<section class=\"elementor-section elementor-top-section elementor-element elementor-element-3ac29c2 elementor-section-boxed elementor-section-height-default elementor-section-height-default\" data-id=\"3ac29c2\" data-element_type=\"section\">\n\t\t\t\t\t\t<div class=\"elementor-container elementor-column-gap-default\">\n\t\t\t\t\t<div class=\"elementor-column elementor-col-100 elementor-top-column elementor-element elementor-element-05f5ad8\" data-id=\"05f5ad8\" data-element_type=\"column\">\n\t\t\t<div class=\"elementor-widget-wrap elementor-element-populated\">\n\t\t\t\t\t\t<div class=\"elementor-element elementor-element-910b209 elementor-widget elementor-widget-heading\" data-id=\"910b209\" data-element_type=\"widget\" data-widget_type=\"heading.default\">\n\t\t\t\t<div class=\"elementor-widget-container\">\n\t\t\t\t\t<h1 class=\"elementor-heading-title elementor-size-default\">L\u00e9gal Mentiounen<\/h1>\t\t\t\t<\/div>\n\t\t\t\t<\/div>\n\t\t\t\t<div class=\"elementor-element elementor-element-816e444 elementor-widget elementor-widget-text-editor\" data-id=\"816e444\" data-element_type=\"widget\" data-widget_type=\"text-editor.default\">\n\t\t\t\t<div class=\"elementor-widget-container\">\n\t\t\t\t\t\t\t\t\t<ul>\n<li><span class=\"elementor-icon-list-text\"><b>Firmen Numm :<\/b> ECOM LUX<\/span><\/li>\n<li><span class=\"elementor-icon-list-text\"><b>Adress :<\/b> 58, Rue de l&#8217;Aci\u00e9rie<\/span><\/li>\n<li><span class=\"elementor-icon-list-text\"><b>Plaz :<\/b> 1112 Luxembourg<\/span><\/li>\n<li><span class=\"elementor-icon-list-text\"><b>Firmen Zuel :<\/b> B247987<\/span><\/li>\n<li><span class=\"elementor-icon-list-text\"><b>Telefonsnummer :<\/b> +352 691 888 737<\/span><\/li>\n<li><span class=\"elementor-icon-list-text\"><b>E-Mailadress :<\/b> info@ecomlux.lu<\/span><\/li>\n<\/ul>\n\t\t\t\t\t\t\t\t<\/div>\n\t\t\t\t<\/div>\n\t\t\t\t\t<\/div>\n\t\t<\/div>\n\t\t\t\t\t<\/div>\n\t\t<\/section>\n\t\t\t\t<\/div>\n\t\t","protected":false},"excerpt":{"rendered":"<p>L\u00e9gal Mentiounen Firmen Numm : ECOM LUX Adress : 58, Rue de l&#8217;Aci\u00e9rie Plaz : 1112 Luxembourg Firmen Zuel : B247987 Telefonsnummer : +352 691 888 737 E-Mailadress : info@ecomlux.lu<\/p>\n","protected":false},"author":2,"featured_media":0,"parent":0,"menu_order":0,"comment_status":"closed","ping_status":"closed","template":"","meta":{"inline_featured_image":false,"footnotes":""},"class_list":["post-25066","page","type-page","status-publish","hentry"],"yoast_head":"<!-- This site is optimized with the Yoast SEO plugin v26.1.1 - https:\/\/yoast.com\/wordpress\/plugins\/seo\/ -->\n<title>L\u00e9gal Mentiounen - ECOM LUX | Agence digitale<\/title>\n<meta name=\"robots\" content=\"index, follow, max-snippet:-1, max-image-preview:large, max-video-preview:-1\" \/>\n<link rel=\"canonical\" href=\"https:\/\/ecomlux.lu\/lu\/legal-mentiounen\/\" \/>\n<meta property=\"og:locale\" content=\"en_US\" \/>\n<meta property=\"og:type\" content=\"article\" \/>\n<meta property=\"og:title\" content=\"L\u00e9gal Mentiounen - ECOM LUX | Agence digitale\" \/>\n<meta property=\"og:description\" content=\"L\u00e9gal Mentiounen Firmen Numm : ECOM LUX Adress : 58, Rue de l&#8217;Aci\u00e9rie Plaz : 1112 Luxembourg Firmen Zuel : B247987 Telefonsnummer : +352 691 888 737 E-Mailadress : info@ecomlux.lu\" \/>\n<meta property=\"og:url\" content=\"https:\/\/ecomlux.lu\/lu\/legal-mentiounen\/\" \/>\n<meta property=\"og:site_name\" content=\"ECOM LUX | Agence digitale\" \/>\n<meta property=\"article:publisher\" content=\"https:\/\/www.facebook.com\/ecomlux2020\" \/>\n<meta property=\"article:modified_time\" content=\"2024-04-23T15:18:41+00:00\" \/>\n<meta name=\"twitter:card\" content=\"summary_large_image\" \/>\n<script type=\"application\/ld+json\" class=\"yoast-schema-graph\">{\"@context\":\"https:\/\/schema.org\",\"@graph\":[{\"@type\":\"WebPage\",\"@id\":\"https:\/\/ecomlux.lu\/lu\/legal-mentiounen\/\",\"url\":\"https:\/\/ecomlux.lu\/lu\/legal-mentiounen\/\",\"name\":\"L\u00e9gal Mentiounen - ECOM LUX | Agence digitale\",\"isPartOf\":{\"@id\":\"https:\/\/ecomlux.lu\/lu\/#website\"},\"datePublished\":\"2022-11-02T10:38:44+00:00\",\"dateModified\":\"2024-04-23T15:18:41+00:00\",\"breadcrumb\":{\"@id\":\"https:\/\/ecomlux.lu\/lu\/legal-mentiounen\/#breadcrumb\"},\"inLanguage\":\"lu-LU\",\"potentialAction\":[{\"@type\":\"ReadAction\",\"target\":[\"https:\/\/ecomlux.lu\/lu\/legal-mentiounen\/\"]}]},{\"@type\":\"BreadcrumbList\",\"@id\":\"https:\/\/ecomlux.lu\/lu\/legal-mentiounen\/#breadcrumb\",\"itemListElement\":[{\"@type\":\"ListItem\",\"position\":1,\"name\":\"Home\",\"item\":\"https:\/\/ecomlux.lu\/lu\/kommunikatiounsagence-zu-letzebuerg\/\"},{\"@type\":\"ListItem\",\"position\":2,\"name\":\"L\u00e9gal Mentiounen\"}]},{\"@type\":\"WebSite\",\"@id\":\"https:\/\/ecomlux.lu\/lu\/#website\",\"url\":\"https:\/\/ecomlux.lu\/lu\/\",\"name\":\"ECOM LUX | Agence de communication Luxembourg\",\"description\":\"Votre agence de communication 360\u00b0 | ECOM LUX\",\"publisher\":{\"@id\":\"https:\/\/ecomlux.lu\/lu\/#organization\"},\"potentialAction\":[{\"@type\":\"SearchAction\",\"target\":{\"@type\":\"EntryPoint\",\"urlTemplate\":\"https:\/\/ecomlux.lu\/lu\/?s={search_term_string}\"},\"query-input\":{\"@type\":\"PropertyValueSpecification\",\"valueRequired\":true,\"valueName\":\"search_term_string\"}}],\"inLanguage\":\"lu-LU\"},{\"@type\":\"Organization\",\"@id\":\"https:\/\/ecomlux.lu\/lu\/#organization\",\"name\":\"ECOM LUX | Votre vision, notre expertise\",\"url\":\"https:\/\/ecomlux.lu\/lu\/\",\"logo\":{\"@type\":\"ImageObject\",\"inLanguage\":\"lu-LU\",\"@id\":\"https:\/\/ecomlux.lu\/lu\/#\/schema\/logo\/image\/\",\"url\":\"https:\/\/ecomlux.lu\/wp-content\/uploads\/2022\/11\/logo-ecomlux-partenaire-digital-noir.webp?wsr\",\"contentUrl\":\"https:\/\/ecomlux.lu\/wp-content\/uploads\/2022\/11\/logo-ecomlux-partenaire-digital-noir.webp?wsr\",\"width\":600,\"height\":180,\"caption\":\"ECOM LUX | Votre vision, notre expertise\"},\"image\":{\"@id\":\"https:\/\/ecomlux.lu\/lu\/#\/schema\/logo\/image\/\"},\"sameAs\":[\"https:\/\/www.facebook.com\/ecomlux2020\",\"https:\/\/www.instagram.com\/ecom_lux\/\",\"https:\/\/www.linkedin.com\/company\/ecom-lux\/\",\"https:\/\/www.tiktok.com\/@ecom_lux\"]}]}<\/script>\n<!-- \/ Yoast SEO plugin. -->","yoast_head_json":{"title":"L\u00e9gal Mentiounen - ECOM LUX | Agence digitale","robots":{"index":"index","follow":"follow","max-snippet":"max-snippet:-1","max-image-preview":"max-image-preview:large","max-video-preview":"max-video-preview:-1"},"canonical":"https:\/\/ecomlux.lu\/lu\/legal-mentiounen\/","og_locale":"en_US","og_type":"article","og_title":"L\u00e9gal Mentiounen - ECOM LUX | Agence digitale","og_description":"L\u00e9gal Mentiounen Firmen Numm : ECOM LUX Adress : 58, Rue de l&#8217;Aci\u00e9rie Plaz : 1112 Luxembourg Firmen Zuel : B247987 Telefonsnummer : +352 691 888 737 E-Mailadress : info@ecomlux.lu","og_url":"https:\/\/ecomlux.lu\/lu\/legal-mentiounen\/","og_site_name":"ECOM LUX | Agence digitale","article_publisher":"https:\/\/www.facebook.com\/ecomlux2020","article_modified_time":"2024-04-23T15:18:41+00:00","twitter_card":"summary_large_image","schema":{"@context":"https:\/\/schema.org","@graph":[{"@type":"WebPage","@id":"https:\/\/ecomlux.lu\/lu\/legal-mentiounen\/","url":"https:\/\/ecomlux.lu\/lu\/legal-mentiounen\/","name":"L\u00e9gal Mentiounen - ECOM LUX | Agence digitale","isPartOf":{"@id":"https:\/\/ecomlux.lu\/lu\/#website"},"datePublished":"2022-11-02T10:38:44+00:00","dateModified":"2024-04-23T15:18:41+00:00","breadcrumb":{"@id":"https:\/\/ecomlux.lu\/lu\/legal-mentiounen\/#breadcrumb"},"inLanguage":"lu-LU","potentialAction":[{"@type":"ReadAction","target":["https:\/\/ecomlux.lu\/lu\/legal-mentiounen\/"]}]},{"@type":"BreadcrumbList","@id":"https:\/\/ecomlux.lu\/lu\/legal-mentiounen\/#breadcrumb","itemListElement":[{"@type":"ListItem","position":1,"name":"Home","item":"https:\/\/ecomlux.lu\/lu\/kommunikatiounsagence-zu-letzebuerg\/"},{"@type":"ListItem","position":2,"name":"L\u00e9gal Mentiounen"}]},{"@type":"WebSite","@id":"https:\/\/ecomlux.lu\/lu\/#website","url":"https:\/\/ecomlux.lu\/lu\/","name":"ECOM LUX | Agence de communication Luxembourg","description":"Votre agence de communication 360\u00b0 | ECOM LUX","publisher":{"@id":"https:\/\/ecomlux.lu\/lu\/#organization"},"potentialAction":[{"@type":"SearchAction","target":{"@type":"EntryPoint","urlTemplate":"https:\/\/ecomlux.lu\/lu\/?s={search_term_string}"},"query-input":{"@type":"PropertyValueSpecification","valueRequired":true,"valueName":"search_term_string"}}],"inLanguage":"lu-LU"},{"@type":"Organization","@id":"https:\/\/ecomlux.lu\/lu\/#organization","name":"ECOM LUX | Votre vision, notre expertise","url":"https:\/\/ecomlux.lu\/lu\/","logo":{"@type":"ImageObject","inLanguage":"lu-LU","@id":"https:\/\/ecomlux.lu\/lu\/#\/schema\/logo\/image\/","url":"https:\/\/ecomlux.lu\/wp-content\/uploads\/2022\/11\/logo-ecomlux-partenaire-digital-noir.webp?wsr","contentUrl":"https:\/\/ecomlux.lu\/wp-content\/uploads\/2022\/11\/logo-ecomlux-partenaire-digital-noir.webp?wsr","width":600,"height":180,"caption":"ECOM LUX | Votre vision, notre expertise"},"image":{"@id":"https:\/\/ecomlux.lu\/lu\/#\/schema\/logo\/image\/"},"sameAs":["https:\/\/www.facebook.com\/ecomlux2020","https:\/\/www.instagram.com\/ecom_lux\/","https:\/\/www.linkedin.com\/company\/ecom-lux\/","https:\/\/www.tiktok.com\/@ecom_lux"]}]}},"_links":{"self":[{"href":"https:\/\/ecomlux.lu\/lu\/wp-json\/wp\/v2\/pages\/25066","targetHints":{"allow":["GET"]}}],"collection":[{"href":"https:\/\/ecomlux.lu\/lu\/wp-json\/wp\/v2\/pages"}],"about":[{"href":"https:\/\/ecomlux.lu\/lu\/wp-json\/wp\/v2\/types\/page"}],"author":[{"embeddable":true,"href":"https:\/\/ecomlux.lu\/lu\/wp-json\/wp\/v2\/users\/2"}],"replies":[{"embeddable":true,"href":"https:\/\/ecomlux.lu\/lu\/wp-json\/wp\/v2\/comments?post=25066"}],"version-history":[{"count":11,"href":"https:\/\/ecomlux.lu\/lu\/wp-json\/wp\/v2\/pages\/25066\/revisions"}],"predecessor-version":[{"id":26344,"href":"https:\/\/ecomlux.lu\/lu\/wp-json\/wp\/v2\/pages\/25066\/revisions\/26344"}],"wp:attachment":[{"href":"https:\/\/ecomlux.lu\/lu\/wp-json\/wp\/v2\/media?parent=25066"}],"curies":[{"name":"wp","href":"https:\/\/api.w.org\/{rel}","templated":true}]}}