{"id":25068,"date":"2022-11-02T10:38:23","date_gmt":"2022-11-02T10:38:23","guid":{"rendered":"https:\/\/ecomlux.lu\/cookies-politik\/"},"modified":"2024-04-24T08:56:25","modified_gmt":"2024-04-24T08:56:25","slug":"cookies-politik","status":"publish","type":"page","link":"https:\/\/ecomlux.lu\/lu\/cookies-politik\/","title":{"rendered":"Cookies Politik"},"content":{"rendered":"\t\t<div data-elementor-type=\"wp-page\" data-elementor-id=\"25068\" class=\"elementor elementor-25068 elementor-47\" data-elementor-post-type=\"page\">\n\t\t\t\t\t\t<section class=\"elementor-section elementor-top-section elementor-element elementor-element-ca000e2 elementor-section-boxed elementor-section-height-default elementor-section-height-default\" data-id=\"ca000e2\" data-element_type=\"section\">\n\t\t\t\t\t\t<div class=\"elementor-container elementor-column-gap-default\">\n\t\t\t\t\t<div class=\"elementor-column elementor-col-100 elementor-top-column elementor-element elementor-element-2d3cf8d\" data-id=\"2d3cf8d\" data-element_type=\"column\">\n\t\t\t<div class=\"elementor-widget-wrap elementor-element-populated\">\n\t\t\t\t\t\t<div class=\"elementor-element elementor-element-287a910 elementor-widget elementor-widget-heading\" data-id=\"287a910\" data-element_type=\"widget\" data-widget_type=\"heading.default\">\n\t\t\t\t<div class=\"elementor-widget-container\">\n\t\t\t\t\t<h1 class=\"elementor-heading-title elementor-size-default\">Cookies Politik<\/h1>\t\t\t\t<\/div>\n\t\t\t\t<\/div>\n\t\t\t\t<div class=\"elementor-element elementor-element-73002c0 elementor-widget elementor-widget-text-editor\" data-id=\"73002c0\" data-element_type=\"widget\" data-widget_type=\"text-editor.default\">\n\t\t\t\t<div class=\"elementor-widget-container\">\n\t\t\t\t\t\t\t\t\t<p><span data-doc-id=\"3314998000000238150\" data-doc-type=\"writer\">D\u00ebs Cookies Politik erkl\u00e4ert w\u00e9i eis Webs\u00e4it Cookies benotzt fir Informatioun ze sammelen an \u00c4r Online Erfarung ze verbesseren. Liest w.e.g. d\u00ebs Politik virsiichteg fir ze verstoen w\u00e9i mir Cookies benotzen a w\u00e9i Dir \u00c4r Cookies-Astellunge verwalten k\u00ebnnt. Dir k\u00ebnnt \u00c4r Zoust\u00ebmmung zu der Cookies-Deklaratioun op eiser Webs\u00e4it zu all Moment \u00e4nneren oder zr\u00e9ckz\u00e9ien. <\/span><\/p>\n\t\t\t\t\t\t\t\t<\/div>\n\t\t\t\t<\/div>\n\t\t\t\t<div class=\"elementor-element elementor-element-1315473 elementor-widget elementor-widget-pp-advanced-accordion\" data-id=\"1315473\" data-element_type=\"widget\" data-settings=\"{&quot;accordion_type&quot;:&quot;accordion&quot;,&quot;toggle_speed&quot;:300}\" data-widget_type=\"pp-advanced-accordion.default\">\n\t\t\t\t<div class=\"elementor-widget-container\">\n\t\t\t\t\t\t\t<div class=\"pp-advanced-accordion pp-toggle-icon-align-right\" id=\"pp-advanced-accordion-1315473\" data-accordion-id=\"1315473\" role=\"tablist\">\n\t\t\t\t\t\t\t<div class=\"pp-accordion-item\">\n\t\t\t\t\t\t\t\t\t\t<div id=\"pp-accordion-tab-title-2001\" class=\"pp-accordion-tab-title\" tabindex=\"0\" data-tab=\"1\" role=\"tab\" aria-controls=\"pp-accordion-tab-content-2001\" aria-expanded=\"false\">\n\t\t\t\t\t\t<span class=\"pp-accordion-title-icon\">\n\t\t\t\t\t\t\t\t\t\t\t\t\t\t<span class=\"pp-accordion-title-text\">\n\t\t\t\t\t\t\t\tWat sinn Cookien?\t\t\t\t\t\t\t<\/span>\n\t\t\t\t\t\t<\/span>\n\t\t\t\t\t\t\t\t\t\t\t\t\t<div class=\"pp-accordion-toggle-icon\">\n\t\t\t\t\t\t\t\t\t\t\t\t\t\t\t\t\t<span class='pp-accordion-toggle-icon-close pp-icon'>\n\t\t\t\t\t\t\t\t\t\t<i aria-hidden=\"true\" class=\"fas fa-plus\"><\/i>\t\t\t\t\t\t\t\t\t<\/span>\n\t\t\t\t\t\t\t\t\t\t\t\t\t\t\t\t\t\t\t\t\t\t\t\t\t<span class='pp-accordion-toggle-icon-open pp-icon'>\n\t\t\t\t\t\t\t\t\t\t<i aria-hidden=\"true\" class=\"fas fa-minus\"><\/i>\t\t\t\t\t\t\t\t\t<\/span>\n\t\t\t\t\t\t\t\t\t\t\t\t\t\t\t<\/div>\n\t\t\t\t\t\t\t\t\t\t\t<\/div>\n\n\t\t\t\t\t<div id=\"pp-accordion-tab-content-2001\" class=\"pp-accordion-tab-content\" data-tab=\"1\" role=\"tabpanel\" aria-labelledby=\"pp-accordion-tab-title-2001\">\n\t\t\t\t\t\t<p><span data-doc-id=\"3314998000000238150\" data-doc-type=\"writer\">Cookies si kleng Textdateien d\u00e9i benotzt gi fir d\u00e9i verschiddenst Informatiounen ze sp\u00e4icheren. Si ginn op \u00c4rem Apparat gesp\u00e4ichert wann d\u2019Webs\u00e4it an \u00c4rem Browser gelueden ass. D\u00ebs Cookien h\u00ebllefen eis d\u2019Webs\u00e4it richteg ze controleieren, se m\u00e9i s\u00e9cher ze maachen an eng besser Benotzererfarung ze bidden.<\/span><\/p>\n\t\t\t\t\t<\/div>\n\t\t\t\t<\/div>\n\t\t\t\t\t\t\t<div class=\"pp-accordion-item\">\n\t\t\t\t\t\t\t\t\t\t<div id=\"pp-accordion-tab-title-2002\" class=\"pp-accordion-tab-title\" tabindex=\"0\" data-tab=\"2\" role=\"tab\" aria-controls=\"pp-accordion-tab-content-2002\" aria-expanded=\"false\">\n\t\t\t\t\t\t<span class=\"pp-accordion-title-icon\">\n\t\t\t\t\t\t\t\t\t\t\t\t\t\t<span class=\"pp-accordion-title-text\">\n\t\t\t\t\t\t\t\tW\u00e9i eng Zorte vu Cookien benotze mir? \t\t\t\t\t\t\t<\/span>\n\t\t\t\t\t\t<\/span>\n\t\t\t\t\t\t\t\t\t\t\t\t\t<div class=\"pp-accordion-toggle-icon\">\n\t\t\t\t\t\t\t\t\t\t\t\t\t\t\t\t\t<span class='pp-accordion-toggle-icon-close pp-icon'>\n\t\t\t\t\t\t\t\t\t\t<i aria-hidden=\"true\" class=\"fas fa-plus\"><\/i>\t\t\t\t\t\t\t\t\t<\/span>\n\t\t\t\t\t\t\t\t\t\t\t\t\t\t\t\t\t\t\t\t\t\t\t\t\t<span class='pp-accordion-toggle-icon-open pp-icon'>\n\t\t\t\t\t\t\t\t\t\t<i aria-hidden=\"true\" class=\"fas fa-minus\"><\/i>\t\t\t\t\t\t\t\t\t<\/span>\n\t\t\t\t\t\t\t\t\t\t\t\t\t\t\t<\/div>\n\t\t\t\t\t\t\t\t\t\t\t<\/div>\n\n\t\t\t\t\t<div id=\"pp-accordion-tab-content-2002\" class=\"pp-accordion-tab-content\" data-tab=\"2\" role=\"tabpanel\" aria-labelledby=\"pp-accordion-tab-title-2002\">\n\t\t\t\t\t\t<p class=\"zw-paragraph\" data-textformat=\"{\"type\":\"text\"}\" data-margin-bottom=\"0pt\" data-line-height=\"1.2\" data-doc-id=\"3314998000000238150\" data-doc-type=\"writer\"><strong>Essential<\/strong>: E puer Cookien si weesentlech fir datt Dir all d\u2019Funktionalit\u00e9it vun eisem Site benotze k\u00ebnnt. Si erlaben eis Benotzersessiounen z\u2019erhalen an all S\u00e9cherheetsbedrohungen ze vermeiden. Si sammelen oder sp\u00e4icheren keng pers\u00e9inlech Informatiounen. Zum Beispill, erlaben d\u00ebs Cookien Iech op \u00c4re Kont azeloggen an Produiten op \u00c4r Shopping Weenchen b\u00e4izedroen, a s\u00e9cher ze bezuelen.<\/p>\n<p class=\"zw-paragraph\" data-textformat=\"{\"type\":\"text\"}\" data-margin-bottom=\"0pt\" data-line-height=\"1.2\"><strong>Statistiken<\/strong>: D\u00ebs Cookien sp\u00e4icheren Informatioun w\u00e9i d\u2019Zuel vun de Visiteuren op der Webs\u00e4it, d\u2019Zuel vun eenzegaartege Besucher, w\u00e9i eng S\u00e4iten vun der Webs\u00e4it besicht goufen, d\u2019Quell vum Besuch, a sou weider. D\u00ebs Donn\u00e9e\u00ebn h\u00ebllefen eis d\u2019Leeschtung vun der Webs\u00e4it a Ber\u00e4icher fir Verbesserung ze verstoen an ze analys\u00e9ieren.<\/p>\n<p class=\"zw-paragraph\" data-textformat=\"{\"type\":\"text\"}\" data-margin-bottom=\"0pt\" data-line-height=\"1.2\"><strong>Marketing<\/strong>: Eis Webs\u00e4it weist Annoncen. D\u00ebs Cookies gi benotzt fir d\u2019Annoncen ze personalis\u00e9ieren, d\u00e9i mir Iech serv\u00e9ieren, sou datt se s\u00ebnnvoll fir Iech sinn. D\u00ebs Cookien h\u00ebllefen eis och d\u2019Effizienz vun d\u00ebse Reklammekampagnen ze verfolgen. D\u2019Informatiounen, d\u00e9i an d\u00ebse Cookien gesp\u00e4ichert sinn, k\u00ebnnen och vun Dr\u00ebtt Partei Reklamme Ubidder benotzt ginn fir Iech Annoncen op anere Webs\u00e4iten am Browser ze weisen.<\/p>\n<p class=\"zw-paragraph\" data-textformat=\"{\"type\":\"text\"}\" data-margin-bottom=\"0pt\" data-line-height=\"1.2\"><strong>Funktionell<\/strong>: D\u00ebst sinn Cookien d\u00e9i d\u2019Benotzung vu best\u00ebmmten net wesentleche Funktiounen vun eiser Webs\u00e4it erlaben. D\u00ebs Fonctiounen enthalen Inhalter w\u00e9i Videoen oder deelen vun onsen Webs\u00e4itinhalt op sozialen Medienplattformen.<\/p>\n<p><strong>Preferences<\/strong>: D\u00ebs Cookien h\u00ebllefen eis \u00c4r Browser-Astellungen a Virl\u00e9iften ze sp\u00e4icheren, w\u00e9i Sprooch, sou datt Dir eng m\u00e9i effizient Erfahrung hutt d\u00e9i n\u00e4chst K\u00e9ier wann Dir d\u2019Webs\u00e4it besicht.<\/p>\n\t\t\t\t\t<\/div>\n\t\t\t\t<\/div>\n\t\t\t\t\t\t\t<div class=\"pp-accordion-item\">\n\t\t\t\t\t\t\t\t\t\t<div id=\"pp-accordion-tab-title-2003\" class=\"pp-accordion-tab-title\" tabindex=\"0\" data-tab=\"3\" role=\"tab\" aria-controls=\"pp-accordion-tab-content-2003\" aria-expanded=\"false\">\n\t\t\t\t\t\t<span class=\"pp-accordion-title-icon\">\n\t\t\t\t\t\t\t\t\t\t\t\t\t\t<span class=\"pp-accordion-title-text\">\n\t\t\t\t\t\t\t\tGestioun vun de Cookien\t\t\t\t\t\t\t<\/span>\n\t\t\t\t\t\t<\/span>\n\t\t\t\t\t\t\t\t\t\t\t\t\t<div class=\"pp-accordion-toggle-icon\">\n\t\t\t\t\t\t\t\t\t\t\t\t\t\t\t\t\t<span class='pp-accordion-toggle-icon-close pp-icon'>\n\t\t\t\t\t\t\t\t\t\t<i aria-hidden=\"true\" class=\"fas fa-plus\"><\/i>\t\t\t\t\t\t\t\t\t<\/span>\n\t\t\t\t\t\t\t\t\t\t\t\t\t\t\t\t\t\t\t\t\t\t\t\t\t<span class='pp-accordion-toggle-icon-open pp-icon'>\n\t\t\t\t\t\t\t\t\t\t<i aria-hidden=\"true\" class=\"fas fa-minus\"><\/i>\t\t\t\t\t\t\t\t\t<\/span>\n\t\t\t\t\t\t\t\t\t\t\t\t\t\t\t<\/div>\n\t\t\t\t\t\t\t\t\t\t\t<\/div>\n\n\t\t\t\t\t<div id=\"pp-accordion-tab-content-2003\" class=\"pp-accordion-tab-content\" data-tab=\"3\" role=\"tabpanel\" aria-labelledby=\"pp-accordion-tab-title-2003\">\n\t\t\t\t\t\t<p class=\"zw-paragraph\" data-textformat=\"{\"type\":\"text\"}\" data-margin-bottom=\"0pt\" data-line-height=\"1.2\" data-doc-id=\"3314998000000238150\" data-doc-type=\"writer\">Dir k\u00ebnnt \u00c4r Cookie-Astellunge verwalten andeems Dir \u00c4r Browser-Astellunge \u00e4nnert. D\u00e9i meescht Browseren erlaben Iech exist\u00e9ierend Cookien ze block\u00e9ieren oder ze d\u00e9i ze l\u00e4schen, Cookien op individuell Basis ze akzept\u00e9ieren oder ze refus\u00e9ieren, oder Preferenze fir verschidden Aarte vu Cookien anzestellen. Not\u00e9iert w.e.g. datt Cookien auszeschalte best\u00ebmmte Funktionalit\u00e9ite vun eiser Webs\u00e4it beaflosse kann an \u00c4r Benotzererfarung limit\u00e9ieren.<\/p>\n<p data-textformat=\"{\"type\":\"text\"}\" data-margin-bottom=\"0pt\" data-line-height=\"1.2\" data-doc-id=\"3314998000000238150\" data-doc-type=\"writer\">\n<p class=\"zw-paragraph\" data-textformat=\"{\"type\":\"text\"}\" data-margin-bottom=\"0pt\" data-line-height=\"1.2\">Hei sinn e puer n\u00ebtzlech Links fir d'Gestioun vu Cookien an de meescht benotzte Browseren:<\/p>\n<ul data-list-id=\"59827897\" data-list-format=\"{\"level0\":{\"type\":6,\"startsWith\":1},\"level1\":{\"type\":7,\"startsWith\":1},\"level2\":{\"type\":8,\"startsWith\":1},\"level3\":{\"type\":6,\"startsWith\":1},\"level4\":{\"type\":7,\"startsWith\":1},\"level5\":{\"type\":8,\"startsWith\":1},\"level6\":{\"type\":6,\"startsWith\":1},\"level7\":{\"type\":7,\"startsWith\":1},\"level8\":{\"type\":8,\"startsWith\":1}}\" data-spl-bullet-format=\"{}\">\n<li>\n<p class=\"zw-list zw-paragraph\" data-textformat=\"{\"type\":\"text\"}\" data-margin-left=\"0.5in\" data-text-indent=\"-0.25in\" data-margin-bottom=\"0pt\" data-line-height=\"1.2\" data-list-id=\"59827897\" data-list-info=\"{\"id\":59827897,\"l\":0}\">Gestioun vun de Cookien op Google Chrome : <a href=\"https:\/\/support.google.com\/chrome\/answer\/95647\">https:\/\/support.google.com\/chrome\/answer\/95647<\/a><\/p>\n<\/li>\n<li>\n<p class=\"zw-list zw-paragraph\" data-textformat=\"{\"type\":\"text\"}\" data-margin-left=\"0.5in\" data-text-indent=\"-0.25in\" data-margin-bottom=\"0pt\" data-line-height=\"1.2\" data-list-id=\"59827897\" data-list-info=\"{\"id\":59827897,\"l\":0}\">Gestioun vun de Cookien op Mozilla Firefox : <a href=\"https:\/\/support.mozilla.org\/fr\/kb\/activer-desactiver-cookies\">https:\/\/support.mozilla.org\/fr\/kb\/activer-desactiver-cookies<\/a><\/p>\n<\/li>\n<li>\n<p class=\"zw-list zw-paragraph\" data-textformat=\"{\"type\":\"text\"}\" data-margin-left=\"0.5in\" data-text-indent=\"-0.25in\" data-margin-bottom=\"0pt\" data-line-height=\"1.2\" data-list-id=\"59827897\" data-list-info=\"{\"id\":59827897,\"l\":0}\">Gestioun vun de Cookien op Microsoft Edge : <a href=\"https:\/\/support.microsoft.com\/fr-fr\/windows\/microsoft-edge-browsing-data-and-privacy-bb8174ba-9d73-dcf2-9b4a-c582b4e640dd\">https:\/\/support.microsoft.com\/fr-fr\/windows\/microsoft-edge-browsing-data-and-privacy-bb8174ba-9d73-dcf2-9b4a-c582b4e640dd<\/a><\/p>\n<\/li>\n<li>\n<p class=\"zw-list zw-paragraph\" data-textformat=\"{\"type\":\"text\"}\" data-margin-left=\"0.5in\" data-text-indent=\"-0.25in\" data-margin-bottom=\"0pt\" data-line-height=\"1.2\" data-list-id=\"59827897\" data-list-info=\"{\"id\":59827897,\"l\":0}\">Gestioun vun de Cookien op Safari : <a href=\"https:\/\/support.apple.com\/fr-fr\/guide\/safari\/sfri11471\/mac\">https:\/\/support.apple.com\/fr-fr\/guide\/safari\/sfri11471\/mac<\/a><\/p>\n<\/li>\n<\/ul>\n<p>Not\u00e9iert w.e.g. datt d\u00ebs L\u00ebscht n\u00ebmmen als Referenz ass an dass d'Links k\u00ebnne vun de Browser Ubidder ge\u00e4nnert ginn.<\/p>\n\t\t\t\t\t<\/div>\n\t\t\t\t<\/div>\n\t\t\t\t\t\t\t<div class=\"pp-accordion-item\">\n\t\t\t\t\t\t\t\t\t\t<div id=\"pp-accordion-tab-title-2004\" class=\"pp-accordion-tab-title\" tabindex=\"0\" data-tab=\"4\" role=\"tab\" aria-controls=\"pp-accordion-tab-content-2004\" aria-expanded=\"false\">\n\t\t\t\t\t\t<span class=\"pp-accordion-title-icon\">\n\t\t\t\t\t\t\t\t\t\t\t\t\t\t<span class=\"pp-accordion-title-text\">\n\t\t\t\t\t\t\t\tKann ech zous\u00e4tzlech Informatiounen erhalen? H\u00ebllef kr\u00e9ien? \t\t\t\t\t\t\t<\/span>\n\t\t\t\t\t\t<\/span>\n\t\t\t\t\t\t\t\t\t\t\t\t\t<div class=\"pp-accordion-toggle-icon\">\n\t\t\t\t\t\t\t\t\t\t\t\t\t\t\t\t\t<span class='pp-accordion-toggle-icon-close pp-icon'>\n\t\t\t\t\t\t\t\t\t\t<i aria-hidden=\"true\" class=\"fas fa-plus\"><\/i>\t\t\t\t\t\t\t\t\t<\/span>\n\t\t\t\t\t\t\t\t\t\t\t\t\t\t\t\t\t\t\t\t\t\t\t\t\t<span class='pp-accordion-toggle-icon-open pp-icon'>\n\t\t\t\t\t\t\t\t\t\t<i aria-hidden=\"true\" class=\"fas fa-minus\"><\/i>\t\t\t\t\t\t\t\t\t<\/span>\n\t\t\t\t\t\t\t\t\t\t\t\t\t\t\t<\/div>\n\t\t\t\t\t\t\t\t\t\t\t<\/div>\n\n\t\t\t\t\t<div id=\"pp-accordion-tab-content-2004\" class=\"pp-accordion-tab-content\" data-tab=\"4\" role=\"tabpanel\" aria-labelledby=\"pp-accordion-tab-title-2004\">\n\t\t\t\t\t\t<p class=\"zw-paragraph\" data-margin-bottom=\"0pt\" data-line-height=\"1.2\" data-doc-id=\"3314998000000238150\" data-doc-type=\"writer\">Wann Dir Froen oder Bedenken zu eiser Cookies Politik hutt, da kontakt\u00e9iert eis w.e.g. op: <a href=\"mailto:info@ecomlux.lu\">info@ecomlux.lu<\/a> <\/p>\n\t\t\t\t\t<\/div>\n\t\t\t\t<\/div>\n\t\t\t\t\t<\/div>\n\t\t\t\t\t\t<\/div>\n\t\t\t\t<\/div>\n\t\t\t\t\t<\/div>\n\t\t<\/div>\n\t\t\t\t\t<\/div>\n\t\t<\/section>\n\t\t\t\t<\/div>\n\t\t","protected":false},"excerpt":{"rendered":"<p>Cookies Politik D\u00ebs Cookies Politik erkl\u00e4ert w\u00e9i eis Webs\u00e4it Cookies benotzt fir Informatioun ze sammelen an \u00c4r Online Erfarung ze verbesseren. Liest w.e.g. d\u00ebs Politik virsiichteg fir ze verstoen w\u00e9i mir Cookies benotzen a w\u00e9i Dir \u00c4r Cookies-Astellunge verwalten k\u00ebnnt. Dir k\u00ebnnt \u00c4r Zoust\u00ebmmung zu der Cookies-Deklaratioun op eiser Webs\u00e4it zu all Moment \u00e4nneren oder [&hellip;]<\/p>\n","protected":false},"author":2,"featured_media":24420,"parent":0,"menu_order":0,"comment_status":"closed","ping_status":"closed","template":"","meta":{"inline_featured_image":false,"footnotes":""},"class_list":["post-25068","page","type-page","status-publish","has-post-thumbnail","hentry"],"yoast_head":"<!-- This site is optimized with the Yoast SEO plugin v26.1.1 - https:\/\/yoast.com\/wordpress\/plugins\/seo\/ -->\n<title>Cookies Politik - ECOM LUX | Agence digitale<\/title>\n<meta name=\"robots\" content=\"index, follow, max-snippet:-1, max-image-preview:large, max-video-preview:-1\" \/>\n<link rel=\"canonical\" href=\"https:\/\/ecomlux.lu\/lu\/cookies-politik\/\" \/>\n<meta property=\"og:locale\" content=\"en_US\" \/>\n<meta property=\"og:type\" content=\"article\" \/>\n<meta property=\"og:title\" content=\"Cookies Politik - ECOM LUX | Agence digitale\" \/>\n<meta property=\"og:description\" content=\"Cookies Politik D\u00ebs Cookies Politik erkl\u00e4ert w\u00e9i eis Webs\u00e4it Cookies benotzt fir Informatioun ze sammelen an \u00c4r Online Erfarung ze verbesseren. Liest w.e.g. d\u00ebs Politik virsiichteg fir ze verstoen w\u00e9i mir Cookies benotzen a w\u00e9i Dir \u00c4r Cookies-Astellunge verwalten k\u00ebnnt. Dir k\u00ebnnt \u00c4r Zoust\u00ebmmung zu der Cookies-Deklaratioun op eiser Webs\u00e4it zu all Moment \u00e4nneren oder [&hellip;]\" \/>\n<meta property=\"og:url\" content=\"https:\/\/ecomlux.lu\/lu\/cookies-politik\/\" \/>\n<meta property=\"og:site_name\" content=\"ECOM LUX | Agence digitale\" \/>\n<meta property=\"article:publisher\" content=\"https:\/\/www.facebook.com\/ecomlux2020\" \/>\n<meta property=\"article:modified_time\" content=\"2024-04-24T08:56:25+00:00\" \/>\n<meta property=\"og:image\" content=\"https:\/\/ecomlux.lu\/wp-content\/uploads\/2024\/03\/ECOMLUX-pages-politique-de-cookies.png\" \/>\n\t<meta property=\"og:image:width\" content=\"1000\" \/>\n\t<meta property=\"og:image:height\" content=\"1000\" \/>\n\t<meta property=\"og:image:type\" content=\"image\/png\" \/>\n<meta name=\"twitter:card\" content=\"summary_large_image\" \/>\n<meta name=\"twitter:label1\" content=\"Est. reading time\" \/>\n\t<meta name=\"twitter:data1\" content=\"3 minutes\" \/>\n<script type=\"application\/ld+json\" class=\"yoast-schema-graph\">{\"@context\":\"https:\/\/schema.org\",\"@graph\":[{\"@type\":\"WebPage\",\"@id\":\"https:\/\/ecomlux.lu\/lu\/cookies-politik\/\",\"url\":\"https:\/\/ecomlux.lu\/lu\/cookies-politik\/\",\"name\":\"Cookies Politik - ECOM LUX | Agence digitale\",\"isPartOf\":{\"@id\":\"https:\/\/ecomlux.lu\/lu\/#website\"},\"primaryImageOfPage\":{\"@id\":\"https:\/\/ecomlux.lu\/lu\/cookies-politik\/#primaryimage\"},\"image\":{\"@id\":\"https:\/\/ecomlux.lu\/lu\/cookies-politik\/#primaryimage\"},\"thumbnailUrl\":\"https:\/\/ecomlux.lu\/wp-content\/uploads\/2024\/03\/ECOMLUX-pages-politique-de-cookies.png?wsr\",\"datePublished\":\"2022-11-02T10:38:23+00:00\",\"dateModified\":\"2024-04-24T08:56:25+00:00\",\"breadcrumb\":{\"@id\":\"https:\/\/ecomlux.lu\/lu\/cookies-politik\/#breadcrumb\"},\"inLanguage\":\"lu-LU\",\"potentialAction\":[{\"@type\":\"ReadAction\",\"target\":[\"https:\/\/ecomlux.lu\/lu\/cookies-politik\/\"]}]},{\"@type\":\"ImageObject\",\"inLanguage\":\"lu-LU\",\"@id\":\"https:\/\/ecomlux.lu\/lu\/cookies-politik\/#primaryimage\",\"url\":\"https:\/\/ecomlux.lu\/wp-content\/uploads\/2024\/03\/ECOMLUX-pages-politique-de-cookies.png?wsr\",\"contentUrl\":\"https:\/\/ecomlux.lu\/wp-content\/uploads\/2024\/03\/ECOMLUX-pages-politique-de-cookies.png?wsr\",\"width\":1000,\"height\":1000},{\"@type\":\"BreadcrumbList\",\"@id\":\"https:\/\/ecomlux.lu\/lu\/cookies-politik\/#breadcrumb\",\"itemListElement\":[{\"@type\":\"ListItem\",\"position\":1,\"name\":\"Home\",\"item\":\"https:\/\/ecomlux.lu\/lu\/kommunikatiounsagence-zu-letzebuerg\/\"},{\"@type\":\"ListItem\",\"position\":2,\"name\":\"Cookies Politik\"}]},{\"@type\":\"WebSite\",\"@id\":\"https:\/\/ecomlux.lu\/lu\/#website\",\"url\":\"https:\/\/ecomlux.lu\/lu\/\",\"name\":\"ECOM LUX | Agence de communication Luxembourg\",\"description\":\"Votre agence de communication 360\u00b0 | ECOM LUX\",\"publisher\":{\"@id\":\"https:\/\/ecomlux.lu\/lu\/#organization\"},\"potentialAction\":[{\"@type\":\"SearchAction\",\"target\":{\"@type\":\"EntryPoint\",\"urlTemplate\":\"https:\/\/ecomlux.lu\/lu\/?s={search_term_string}\"},\"query-input\":{\"@type\":\"PropertyValueSpecification\",\"valueRequired\":true,\"valueName\":\"search_term_string\"}}],\"inLanguage\":\"lu-LU\"},{\"@type\":\"Organization\",\"@id\":\"https:\/\/ecomlux.lu\/lu\/#organization\",\"name\":\"ECOM LUX | Votre vision, notre expertise\",\"url\":\"https:\/\/ecomlux.lu\/lu\/\",\"logo\":{\"@type\":\"ImageObject\",\"inLanguage\":\"lu-LU\",\"@id\":\"https:\/\/ecomlux.lu\/lu\/#\/schema\/logo\/image\/\",\"url\":\"https:\/\/ecomlux.lu\/wp-content\/uploads\/2022\/11\/logo-ecomlux-partenaire-digital-noir.webp?wsr\",\"contentUrl\":\"https:\/\/ecomlux.lu\/wp-content\/uploads\/2022\/11\/logo-ecomlux-partenaire-digital-noir.webp?wsr\",\"width\":600,\"height\":180,\"caption\":\"ECOM LUX | Votre vision, notre expertise\"},\"image\":{\"@id\":\"https:\/\/ecomlux.lu\/lu\/#\/schema\/logo\/image\/\"},\"sameAs\":[\"https:\/\/www.facebook.com\/ecomlux2020\",\"https:\/\/www.instagram.com\/ecom_lux\/\",\"https:\/\/www.linkedin.com\/company\/ecom-lux\/\",\"https:\/\/www.tiktok.com\/@ecom_lux\"]}]}<\/script>\n<!-- \/ Yoast SEO plugin. -->","yoast_head_json":{"title":"Cookies Politik - ECOM LUX | Agence digitale","robots":{"index":"index","follow":"follow","max-snippet":"max-snippet:-1","max-image-preview":"max-image-preview:large","max-video-preview":"max-video-preview:-1"},"canonical":"https:\/\/ecomlux.lu\/lu\/cookies-politik\/","og_locale":"en_US","og_type":"article","og_title":"Cookies Politik - ECOM LUX | Agence digitale","og_description":"Cookies Politik D\u00ebs Cookies Politik erkl\u00e4ert w\u00e9i eis Webs\u00e4it Cookies benotzt fir Informatioun ze sammelen an \u00c4r Online Erfarung ze verbesseren. Liest w.e.g. d\u00ebs Politik virsiichteg fir ze verstoen w\u00e9i mir Cookies benotzen a w\u00e9i Dir \u00c4r Cookies-Astellunge verwalten k\u00ebnnt. Dir k\u00ebnnt \u00c4r Zoust\u00ebmmung zu der Cookies-Deklaratioun op eiser Webs\u00e4it zu all Moment \u00e4nneren oder [&hellip;]","og_url":"https:\/\/ecomlux.lu\/lu\/cookies-politik\/","og_site_name":"ECOM LUX | Agence digitale","article_publisher":"https:\/\/www.facebook.com\/ecomlux2020","article_modified_time":"2024-04-24T08:56:25+00:00","og_image":[{"width":1000,"height":1000,"url":"https:\/\/ecomlux.lu\/wp-content\/uploads\/2024\/03\/ECOMLUX-pages-politique-de-cookies.png","type":"image\/png"}],"twitter_card":"summary_large_image","twitter_misc":{"Est. reading time":"3 minutes"},"schema":{"@context":"https:\/\/schema.org","@graph":[{"@type":"WebPage","@id":"https:\/\/ecomlux.lu\/lu\/cookies-politik\/","url":"https:\/\/ecomlux.lu\/lu\/cookies-politik\/","name":"Cookies Politik - ECOM LUX | Agence digitale","isPartOf":{"@id":"https:\/\/ecomlux.lu\/lu\/#website"},"primaryImageOfPage":{"@id":"https:\/\/ecomlux.lu\/lu\/cookies-politik\/#primaryimage"},"image":{"@id":"https:\/\/ecomlux.lu\/lu\/cookies-politik\/#primaryimage"},"thumbnailUrl":"https:\/\/ecomlux.lu\/wp-content\/uploads\/2024\/03\/ECOMLUX-pages-politique-de-cookies.png?wsr","datePublished":"2022-11-02T10:38:23+00:00","dateModified":"2024-04-24T08:56:25+00:00","breadcrumb":{"@id":"https:\/\/ecomlux.lu\/lu\/cookies-politik\/#breadcrumb"},"inLanguage":"lu-LU","potentialAction":[{"@type":"ReadAction","target":["https:\/\/ecomlux.lu\/lu\/cookies-politik\/"]}]},{"@type":"ImageObject","inLanguage":"lu-LU","@id":"https:\/\/ecomlux.lu\/lu\/cookies-politik\/#primaryimage","url":"https:\/\/ecomlux.lu\/wp-content\/uploads\/2024\/03\/ECOMLUX-pages-politique-de-cookies.png?wsr","contentUrl":"https:\/\/ecomlux.lu\/wp-content\/uploads\/2024\/03\/ECOMLUX-pages-politique-de-cookies.png?wsr","width":1000,"height":1000},{"@type":"BreadcrumbList","@id":"https:\/\/ecomlux.lu\/lu\/cookies-politik\/#breadcrumb","itemListElement":[{"@type":"ListItem","position":1,"name":"Home","item":"https:\/\/ecomlux.lu\/lu\/kommunikatiounsagence-zu-letzebuerg\/"},{"@type":"ListItem","position":2,"name":"Cookies Politik"}]},{"@type":"WebSite","@id":"https:\/\/ecomlux.lu\/lu\/#website","url":"https:\/\/ecomlux.lu\/lu\/","name":"ECOM LUX | Agence de communication Luxembourg","description":"Votre agence de communication 360\u00b0 | ECOM LUX","publisher":{"@id":"https:\/\/ecomlux.lu\/lu\/#organization"},"potentialAction":[{"@type":"SearchAction","target":{"@type":"EntryPoint","urlTemplate":"https:\/\/ecomlux.lu\/lu\/?s={search_term_string}"},"query-input":{"@type":"PropertyValueSpecification","valueRequired":true,"valueName":"search_term_string"}}],"inLanguage":"lu-LU"},{"@type":"Organization","@id":"https:\/\/ecomlux.lu\/lu\/#organization","name":"ECOM LUX | Votre vision, notre expertise","url":"https:\/\/ecomlux.lu\/lu\/","logo":{"@type":"ImageObject","inLanguage":"lu-LU","@id":"https:\/\/ecomlux.lu\/lu\/#\/schema\/logo\/image\/","url":"https:\/\/ecomlux.lu\/wp-content\/uploads\/2022\/11\/logo-ecomlux-partenaire-digital-noir.webp?wsr","contentUrl":"https:\/\/ecomlux.lu\/wp-content\/uploads\/2022\/11\/logo-ecomlux-partenaire-digital-noir.webp?wsr","width":600,"height":180,"caption":"ECOM LUX | Votre vision, notre expertise"},"image":{"@id":"https:\/\/ecomlux.lu\/lu\/#\/schema\/logo\/image\/"},"sameAs":["https:\/\/www.facebook.com\/ecomlux2020","https:\/\/www.instagram.com\/ecom_lux\/","https:\/\/www.linkedin.com\/company\/ecom-lux\/","https:\/\/www.tiktok.com\/@ecom_lux"]}]}},"_links":{"self":[{"href":"https:\/\/ecomlux.lu\/lu\/wp-json\/wp\/v2\/pages\/25068","targetHints":{"allow":["GET"]}}],"collection":[{"href":"https:\/\/ecomlux.lu\/lu\/wp-json\/wp\/v2\/pages"}],"about":[{"href":"https:\/\/ecomlux.lu\/lu\/wp-json\/wp\/v2\/types\/page"}],"author":[{"embeddable":true,"href":"https:\/\/ecomlux.lu\/lu\/wp-json\/wp\/v2\/users\/2"}],"replies":[{"embeddable":true,"href":"https:\/\/ecomlux.lu\/lu\/wp-json\/wp\/v2\/comments?post=25068"}],"version-history":[{"count":15,"href":"https:\/\/ecomlux.lu\/lu\/wp-json\/wp\/v2\/pages\/25068\/revisions"}],"predecessor-version":[{"id":26523,"href":"https:\/\/ecomlux.lu\/lu\/wp-json\/wp\/v2\/pages\/25068\/revisions\/26523"}],"wp:featuredmedia":[{"embeddable":true,"href":"https:\/\/ecomlux.lu\/lu\/wp-json\/wp\/v2\/media\/24420"}],"wp:attachment":[{"href":"https:\/\/ecomlux.lu\/lu\/wp-json\/wp\/v2\/media?parent=25068"}],"curies":[{"name":"wp","href":"https:\/\/api.w.org\/{rel}","templated":true}]}}