{"id":31630,"date":"2025-01-10T08:44:43","date_gmt":"2025-01-10T08:44:43","guid":{"rendered":"https:\/\/ecomlux.lu\/jobs\/"},"modified":"2025-01-10T13:03:25","modified_gmt":"2025-01-10T13:03:25","slug":"jobs","status":"publish","type":"page","link":"https:\/\/ecomlux.lu\/lu\/jobs\/","title":{"rendered":"Jobs"},"content":{"rendered":"\t\t<div data-elementor-type=\"wp-page\" data-elementor-id=\"31630\" class=\"elementor elementor-31630 elementor-31579\" data-elementor-post-type=\"page\">\n\t\t\t\t\t\t<section class=\"elementor-section elementor-top-section elementor-element elementor-element-8683fba elementor-section-boxed elementor-section-height-default elementor-section-height-default\" data-id=\"8683fba\" data-element_type=\"section\" data-settings=\"{&quot;background_background&quot;:&quot;classic&quot;}\">\n\t\t\t\t\t\t<div class=\"elementor-container elementor-column-gap-default\">\n\t\t\t\t\t<div class=\"elementor-column elementor-col-100 elementor-top-column elementor-element elementor-element-322cd57\" data-id=\"322cd57\" data-element_type=\"column\">\n\t\t\t<div class=\"elementor-widget-wrap elementor-element-populated\">\n\t\t\t\t\t\t<section class=\"elementor-section elementor-inner-section elementor-element elementor-element-c502b16 animated-slow elementor-section-boxed elementor-section-height-default elementor-section-height-default elementor-invisible\" data-id=\"c502b16\" data-element_type=\"section\" data-settings=\"{&quot;animation&quot;:&quot;fadeIn&quot;}\">\n\t\t\t\t\t\t<div class=\"elementor-container elementor-column-gap-default\">\n\t\t\t\t\t<div class=\"elementor-column elementor-col-50 elementor-inner-column elementor-element elementor-element-c658c48 animated-fast elementor-invisible\" data-id=\"c658c48\" data-element_type=\"column\" data-settings=\"{&quot;animation&quot;:&quot;fadeIn&quot;}\">\n\t\t\t<div class=\"elementor-widget-wrap elementor-element-populated\">\n\t\t\t\t\t\t<div class=\"elementor-element elementor-element-3a1fbc7 elementor-widget elementor-widget-heading\" data-id=\"3a1fbc7\" data-element_type=\"widget\" data-widget_type=\"heading.default\">\n\t\t\t\t<div class=\"elementor-widget-container\">\n\t\t\t\t\t<h1 class=\"elementor-heading-title elementor-size-default\">JOBS<\/h1>\t\t\t\t<\/div>\n\t\t\t\t<\/div>\n\t\t\t\t<div class=\"elementor-element elementor-element-f4ab3c1 elementor-widget elementor-widget-heading\" data-id=\"f4ab3c1\" data-element_type=\"widget\" data-widget_type=\"heading.default\">\n\t\t\t\t<div class=\"elementor-widget-container\">\n\t\t\t\t\t<h2 class=\"elementor-heading-title elementor-size-default\">Kommt an d\u2019ECOM LUX Team! <\/h2>\t\t\t\t<\/div>\n\t\t\t\t<\/div>\n\t\t\t\t<div class=\"elementor-element elementor-element-03808b2 animated-slow elementor-invisible elementor-widget elementor-widget-heading\" data-id=\"03808b2\" data-element_type=\"widget\" data-settings=\"{&quot;_animation&quot;:&quot;fadeIn&quot;}\" data-widget_type=\"heading.default\">\n\t\t\t\t<div class=\"elementor-widget-container\">\n\t\t\t\t\t<h3 class=\"elementor-heading-title elementor-size-default\">Mir sichen: <br><span style=\"color:#B8ACFF\">Digital Marketing<\/span> Assistent(in)\n<\/h3>\t\t\t\t<\/div>\n\t\t\t\t<\/div>\n\t\t\t\t<div class=\"elementor-element elementor-element-72fbf15 elementor-widget elementor-widget-text-editor\" data-id=\"72fbf15\" data-element_type=\"widget\" data-widget_type=\"text-editor.default\">\n\t\t\t\t<div class=\"elementor-widget-container\">\n\t\t\t\t\t\t\t\t\t<p>Kommt bei ECOM LUX, eng dynamesch Digitalagentur zu L\u00ebtzebuerg, a schafft un diversen an kreativen Projeten! <\/p>\n\t\t\t\t\t\t\t\t<\/div>\n\t\t\t\t<\/div>\n\t\t\t\t\t<\/div>\n\t\t<\/div>\n\t\t\t\t<div class=\"elementor-column elementor-col-50 elementor-inner-column elementor-element elementor-element-02f8573\" data-id=\"02f8573\" data-element_type=\"column\" data-settings=\"{&quot;background_background&quot;:&quot;classic&quot;}\">\n\t\t\t<div class=\"elementor-widget-wrap elementor-element-populated\">\n\t\t\t\t\t\t<div class=\"elementor-element elementor-element-0bdef8c elementor-invisible elementor-widget elementor-widget-image\" data-id=\"0bdef8c\" data-element_type=\"widget\" data-settings=\"{&quot;_animation&quot;:&quot;fadeIn&quot;,&quot;motion_fx_motion_fx_scrolling&quot;:&quot;yes&quot;,&quot;motion_fx_translateX_effect&quot;:&quot;yes&quot;,&quot;motion_fx_translateX_direction&quot;:&quot;negative&quot;,&quot;motion_fx_translateX_speed&quot;:{&quot;unit&quot;:&quot;px&quot;,&quot;size&quot;:4,&quot;sizes&quot;:[]},&quot;motion_fx_translateX_affectedRange&quot;:{&quot;unit&quot;:&quot;%&quot;,&quot;size&quot;:&quot;&quot;,&quot;sizes&quot;:{&quot;start&quot;:0,&quot;end&quot;:100}},&quot;motion_fx_devices&quot;:[&quot;widescreen&quot;,&quot;desktop&quot;,&quot;tablet&quot;,&quot;mobile&quot;]}\" data-widget_type=\"image.default\">\n\t\t\t\t<div class=\"elementor-widget-container\">\n\t\t\t\t\t\t\t\t\t\t\t\t\t\t\t<img decoding=\"async\" width=\"40\" height=\"40\" src=\"https:\/\/ecomlux.lu\/wp-content\/uploads\/2024\/02\/ecom-lux-icones-82-1.svg?wsr\" class=\"attachment-full size-full wp-image-23904\" alt=\"\" \/>\t\t\t\t\t\t\t\t\t\t\t\t\t\t\t<\/div>\n\t\t\t\t<\/div>\n\t\t\t\t\t<\/div>\n\t\t<\/div>\n\t\t\t\t\t<\/div>\n\t\t<\/section>\n\t\t\t\t\t<\/div>\n\t\t<\/div>\n\t\t\t\t\t<\/div>\n\t\t<\/section>\n\t\t\t\t<section class=\"elementor-section elementor-top-section elementor-element elementor-element-8aadc3c elementor-section-boxed elementor-section-height-default elementor-section-height-default\" data-id=\"8aadc3c\" data-element_type=\"section\" data-settings=\"{&quot;background_background&quot;:&quot;classic&quot;}\">\n\t\t\t\t\t\t<div class=\"elementor-container elementor-column-gap-default\">\n\t\t\t\t\t<div class=\"elementor-column elementor-col-100 elementor-top-column elementor-element elementor-element-d93125b\" data-id=\"d93125b\" data-element_type=\"column\">\n\t\t\t<div class=\"elementor-widget-wrap elementor-element-populated\">\n\t\t\t\t\t\t<section class=\"elementor-section elementor-inner-section elementor-element elementor-element-e8daf77 elementor-section-boxed elementor-section-height-default elementor-section-height-default\" data-id=\"e8daf77\" data-element_type=\"section\">\n\t\t\t\t\t\t<div class=\"elementor-container elementor-column-gap-default\">\n\t\t\t\t\t<div class=\"elementor-column elementor-col-100 elementor-inner-column elementor-element elementor-element-9d2b0d5\" data-id=\"9d2b0d5\" data-element_type=\"column\">\n\t\t\t<div class=\"elementor-widget-wrap elementor-element-populated\">\n\t\t\t\t\t\t<section class=\"elementor-section elementor-inner-section elementor-element elementor-element-07fc20d elementor-section-boxed elementor-section-height-default elementor-section-height-default elementor-invisible\" data-id=\"07fc20d\" data-element_type=\"section\" data-settings=\"{&quot;animation&quot;:&quot;fadeInUp&quot;}\">\n\t\t\t\t\t\t<div class=\"elementor-container elementor-column-gap-default\">\n\t\t\t\t\t<div class=\"elementor-column elementor-col-50 elementor-inner-column elementor-element elementor-element-f202c93\" data-id=\"f202c93\" data-element_type=\"column\" data-settings=\"{&quot;background_background&quot;:&quot;classic&quot;}\">\n\t\t\t<div class=\"elementor-widget-wrap elementor-element-populated\">\n\t\t\t\t\t\t<div class=\"elementor-element elementor-element-e4ad4c2 elementor-widget elementor-widget-heading\" data-id=\"e4ad4c2\" data-element_type=\"widget\" data-widget_type=\"heading.default\">\n\t\t\t\t<div class=\"elementor-widget-container\">\n\t\t\t\t\t<h4 class=\"elementor-heading-title elementor-size-default\">\ufe0f \ud83d\udee0\ufe0f \u00c4r Aufgaben <\/h4>\t\t\t\t<\/div>\n\t\t\t\t<\/div>\n\t\t\t\t<div class=\"elementor-element elementor-element-e0e0c9e elementor-widget elementor-widget-text-editor\" data-id=\"e0e0c9e\" data-element_type=\"widget\" data-widget_type=\"text-editor.default\">\n\t\t\t\t<div class=\"elementor-widget-container\">\n\t\t\t\t\t\t\t\t\t<p>Als Digital Marketing Assistent(in) sidd Dir verantwortlech fir:<\/p>\n<ul>\n<li>Gestioun vu soziale Medien vun eise Clienten<\/li>\n<li>Schafen vu Posts, geschriwwenen Inhalter, Visualen a Grafiken<\/li>\n<li>Organis\u00e9iere vu struktur\u00e9ierte Marketingkampagnen<\/li>\n<li>Schafen vu Video-Edits fir Posts<\/li>\n<li>Fotoen an Videoen ophuelen fir Inhalter ze kre\u00e9ieren<\/li>\n<li>Analys\u00e9ieren an Optim\u00e9ieren vu lafende Marketingkampagnen<\/li>\n<\/ul>\n\t\t\t\t\t\t\t\t<\/div>\n\t\t\t\t<\/div>\n\t\t\t\t\t<\/div>\n\t\t<\/div>\n\t\t\t\t<div class=\"elementor-column elementor-col-50 elementor-inner-column elementor-element elementor-element-1a3913b\" data-id=\"1a3913b\" data-element_type=\"column\" data-settings=\"{&quot;background_background&quot;:&quot;classic&quot;}\">\n\t\t\t<div class=\"elementor-widget-wrap elementor-element-populated\">\n\t\t\t\t\t\t<div class=\"elementor-element elementor-element-f92e398 elementor-widget elementor-widget-heading\" data-id=\"f92e398\" data-element_type=\"widget\" data-widget_type=\"heading.default\">\n\t\t\t\t<div class=\"elementor-widget-container\">\n\t\t\t\t\t<h4 class=\"elementor-heading-title elementor-size-default\">\ud83c\udfaf Gesichte Profil <\/h4>\t\t\t\t<\/div>\n\t\t\t\t<\/div>\n\t\t\t\t<div class=\"elementor-element elementor-element-f24d302 elementor-widget elementor-widget-text-editor\" data-id=\"f24d302\" data-element_type=\"widget\" data-widget_type=\"text-editor.default\">\n\t\t\t\t<div class=\"elementor-widget-container\">\n\t\t\t\t\t\t\t\t\t<p>Mir sichen eng Persoun, d\u00e9i:<\/p>\n<ul>\n<li>\u00cbnner 30 Joer al ass a momentan ouni Aarbecht (CIE Kontrakt \u2013 ADEM)<\/li>\n<li>En Diplom op mannst Bac +2 huet (BTS oder Bachelor)<\/li>\n<li>Kreativ, dynamesch an perfectionistesch an hirer Aarbechtsweis ass<\/li>\n<li>G\u00e4r an engem Start-up-\u00cbmfeld schafft<\/li>\n<li>Frans\u00e9isch a Englesch fl\u00e9issend beherrscht (Verstoe, Schw\u00e4tzen, Schreiwen)<\/li>\n<li>Basiskenntnisser am digitale Grafiksdesign huet an d\u2019Trends am digitale Ber\u00e4ich kennt<\/li>\n<\/ul>\n\t\t\t\t\t\t\t\t<\/div>\n\t\t\t\t<\/div>\n\t\t\t\t\t<\/div>\n\t\t<\/div>\n\t\t\t\t\t<\/div>\n\t\t<\/section>\n\t\t\t\t<section class=\"elementor-section elementor-inner-section elementor-element elementor-element-1d9d2cc elementor-section-boxed elementor-section-height-default elementor-section-height-default elementor-invisible\" data-id=\"1d9d2cc\" data-element_type=\"section\" data-settings=\"{&quot;animation&quot;:&quot;fadeInUp&quot;}\">\n\t\t\t\t\t\t<div class=\"elementor-container elementor-column-gap-default\">\n\t\t\t\t\t<div class=\"elementor-column elementor-col-50 elementor-inner-column elementor-element elementor-element-02f652c\" data-id=\"02f652c\" data-element_type=\"column\" data-settings=\"{&quot;background_background&quot;:&quot;classic&quot;}\">\n\t\t\t<div class=\"elementor-widget-wrap elementor-element-populated\">\n\t\t\t\t\t\t<div class=\"elementor-element elementor-element-6faa00e elementor-widget elementor-widget-heading\" data-id=\"6faa00e\" data-element_type=\"widget\" data-widget_type=\"heading.default\">\n\t\t\t\t<div class=\"elementor-widget-container\">\n\t\t\t\t\t<h4 class=\"elementor-heading-title elementor-size-default\">\ud83c\udf1f Zous\u00e4tzlech St\u00e4erkten<\/h4>\t\t\t\t<\/div>\n\t\t\t\t<\/div>\n\t\t\t\t<div class=\"elementor-element elementor-element-d3884f7 elementor-widget elementor-widget-text-editor\" data-id=\"d3884f7\" data-element_type=\"widget\" data-widget_type=\"text-editor.default\">\n\t\t\t\t<div class=\"elementor-widget-container\">\n\t\t\t\t\t\t\t\t\t<ul>\n<li>Kenntnisser am SEO<\/li>\n<li>Fortgeschratt Kompetenzen am Grafiksdesign<\/li>\n<li>Erfarung mat Ads Manager (Facebook, Google, TikTok, etc.)<\/li>\n<li>Kenntnisser vu Tools w\u00e9i Adobe Suite, Canva, WordPress a Semrush<\/li>\n<li>Zous\u00e4tzlech Sproochen (L\u00ebtzebuergesch oder aner)<\/li>\n<\/ul>\n\t\t\t\t\t\t\t\t<\/div>\n\t\t\t\t<\/div>\n\t\t\t\t\t<\/div>\n\t\t<\/div>\n\t\t\t\t<div class=\"elementor-column elementor-col-50 elementor-inner-column elementor-element elementor-element-f4012c9\" data-id=\"f4012c9\" data-element_type=\"column\" data-settings=\"{&quot;background_background&quot;:&quot;classic&quot;}\">\n\t\t\t<div class=\"elementor-widget-wrap elementor-element-populated\">\n\t\t\t\t\t\t<div class=\"elementor-element elementor-element-0a8b465 elementor-widget elementor-widget-heading\" data-id=\"0a8b465\" data-element_type=\"widget\" data-widget_type=\"heading.default\">\n\t\t\t\t<div class=\"elementor-widget-container\">\n\t\t\t\t\t<h4 class=\"elementor-heading-title elementor-size-default\">\ud83c\udf81 Wat mir bidden <\/h4>\t\t\t\t<\/div>\n\t\t\t\t<\/div>\n\t\t\t\t<div class=\"elementor-element elementor-element-5375555 elementor-widget elementor-widget-text-editor\" data-id=\"5375555\" data-element_type=\"widget\" data-widget_type=\"text-editor.default\">\n\t\t\t\t<div class=\"elementor-widget-container\">\n\t\t\t\t\t\t\t\t\t<ul>\n<li>Flexibel Aarbechtsz\u00e4iten an d\u2019M\u00e9iglechkeet op Teletravail<\/li>\n<li>M\u00e9iglechkeete fir weider Formatiounen<\/li>\n<li>Gratis Abonnement an enger Fitnessstudio<\/li>\n<li>Eng kollaborativ Aarbechts\u00ebmfeld, wou \u00c4r Iddien gesch\u00e4tzt ginn <\/li>\n<\/ul>\n\t\t\t\t\t\t\t\t<\/div>\n\t\t\t\t<\/div>\n\t\t\t\t\t<\/div>\n\t\t<\/div>\n\t\t\t\t\t<\/div>\n\t\t<\/section>\n\t\t\t\t<section class=\"elementor-section elementor-inner-section elementor-element elementor-element-a065ca4 elementor-section-boxed elementor-section-height-default elementor-section-height-default elementor-invisible\" data-id=\"a065ca4\" data-element_type=\"section\" data-settings=\"{&quot;animation&quot;:&quot;fadeInUp&quot;}\">\n\t\t\t\t\t\t<div class=\"elementor-container elementor-column-gap-default\">\n\t\t\t\t\t<div class=\"elementor-column elementor-col-50 elementor-inner-column elementor-element elementor-element-d4e7c26\" data-id=\"d4e7c26\" data-element_type=\"column\" data-settings=\"{&quot;background_background&quot;:&quot;classic&quot;}\">\n\t\t\t<div class=\"elementor-widget-wrap elementor-element-populated\">\n\t\t\t\t\t\t<div class=\"elementor-element elementor-element-ceef1d7 elementor-invisible elementor-widget elementor-widget-image\" data-id=\"ceef1d7\" data-element_type=\"widget\" data-settings=\"{&quot;_animation&quot;:&quot;fadeIn&quot;}\" data-widget_type=\"image.default\">\n\t\t\t\t<div class=\"elementor-widget-container\">\n\t\t\t\t\t\t\t\t\t\t\t\t\t\t\t<img decoding=\"async\" width=\"40\" height=\"40\" src=\"https:\/\/ecomlux.lu\/wp-content\/uploads\/2024\/02\/ecom-lux-icones-61-1.svg?wsr\" class=\"attachment-full size-full wp-image-23850\" alt=\"\" \/>\t\t\t\t\t\t\t\t\t\t\t\t\t\t\t<\/div>\n\t\t\t\t<\/div>\n\t\t\t\t\t<\/div>\n\t\t<\/div>\n\t\t\t\t<div class=\"elementor-column elementor-col-50 elementor-inner-column elementor-element elementor-element-656942f\" data-id=\"656942f\" data-element_type=\"column\" data-settings=\"{&quot;background_background&quot;:&quot;classic&quot;}\">\n\t\t\t<div class=\"elementor-widget-wrap elementor-element-populated\">\n\t\t\t\t\t\t<div class=\"elementor-element elementor-element-5d13c9e elementor-widget elementor-widget-heading\" data-id=\"5d13c9e\" data-element_type=\"widget\" data-widget_type=\"heading.default\">\n\t\t\t\t<div class=\"elementor-widget-container\">\n\t\t\t\t\t<h4 class=\"elementor-heading-title elementor-size-default\">\u2709\ufe0f W\u00e9i k\u00ebnnt Dir sech bewerben?<\/h4>\t\t\t\t<\/div>\n\t\t\t\t<\/div>\n\t\t\t\t<div class=\"elementor-element elementor-element-b583331 elementor-widget elementor-widget-text-editor\" data-id=\"b583331\" data-element_type=\"widget\" data-widget_type=\"text-editor.default\">\n\t\t\t\t<div class=\"elementor-widget-container\">\n\t\t\t\t\t\t\t\t\t<p>Sch\u00e9ckt eis \u00c4re detaill\u00e9ierte CV an eng Motivatiounsschreiwes op <a href=\"mailto:info@ecomlux.lu\" rel=\"noopener\"><strong>info@ecomlux.lu<\/strong><\/a>.<br \/>Wann Dir e digitalen Portfolio mat \u00c4ren Kreatiounen hutt, ass dat en Avantage fir \u00c4r Kandidatur.<\/p><p><strong> \ud83d\udcc5 Rekrut\u00e9ierungsprozess:<\/strong><br \/>Dir gitt duerch F\u00e4egkeetstester an en individuellen Interview evalu\u00e9iert.<\/p>\t\t\t\t\t\t\t\t<\/div>\n\t\t\t\t<\/div>\n\t\t\t\t\t<\/div>\n\t\t<\/div>\n\t\t\t\t\t<\/div>\n\t\t<\/section>\n\t\t\t\t\t<\/div>\n\t\t<\/div>\n\t\t\t\t\t<\/div>\n\t\t<\/section>\n\t\t\t\t\t<\/div>\n\t\t<\/div>\n\t\t\t\t\t<\/div>\n\t\t<\/section>\n\t\t\t\t<\/div>\n\t\t","protected":false},"excerpt":{"rendered":"<p>JOBS Kommt an d\u2019ECOM LUX Team! Mir sichen: Digital Marketing Assistent(in) Kommt bei ECOM LUX, eng dynamesch Digitalagentur zu L\u00ebtzebuerg, a schafft un diversen an kreativen Projeten! \ufe0f \ud83d\udee0\ufe0f \u00c4r Aufgaben Als Digital Marketing Assistent(in) sidd Dir verantwortlech fir: Gestioun vu soziale Medien vun eise Clienten Schafen vu Posts, geschriwwenen Inhalter, Visualen a Grafiken Organis\u00e9iere [&hellip;]<\/p>\n","protected":false},"author":2,"featured_media":31614,"parent":0,"menu_order":0,"comment_status":"closed","ping_status":"closed","template":"elementor_header_footer","meta":{"inline_featured_image":false,"footnotes":""},"class_list":["post-31630","page","type-page","status-publish","has-post-thumbnail","hentry"],"yoast_head":"<!-- This site is optimized with the Yoast SEO plugin v26.1.1 - https:\/\/yoast.com\/wordpress\/plugins\/seo\/ -->\n<title>Jobs - ECOM LUX | Agence digitale<\/title>\n<meta name=\"robots\" content=\"index, follow, max-snippet:-1, max-image-preview:large, max-video-preview:-1\" \/>\n<link rel=\"canonical\" href=\"https:\/\/ecomlux.lu\/lu\/jobs\/\" \/>\n<meta property=\"og:locale\" content=\"en_US\" \/>\n<meta property=\"og:type\" content=\"article\" \/>\n<meta property=\"og:title\" content=\"Jobs - ECOM LUX | Agence digitale\" \/>\n<meta property=\"og:description\" content=\"JOBS Kommt an d\u2019ECOM LUX Team! Mir sichen: Digital Marketing Assistent(in) Kommt bei ECOM LUX, eng dynamesch Digitalagentur zu L\u00ebtzebuerg, a schafft un diversen an kreativen Projeten! \ufe0f \ud83d\udee0\ufe0f \u00c4r Aufgaben Als Digital Marketing Assistent(in) sidd Dir verantwortlech fir: Gestioun vu soziale Medien vun eise Clienten Schafen vu Posts, geschriwwenen Inhalter, Visualen a Grafiken Organis\u00e9iere [&hellip;]\" \/>\n<meta property=\"og:url\" content=\"https:\/\/ecomlux.lu\/lu\/jobs\/\" \/>\n<meta property=\"og:site_name\" content=\"ECOM LUX | Agence digitale\" \/>\n<meta property=\"article:publisher\" content=\"https:\/\/www.facebook.com\/ecomlux2020\" \/>\n<meta property=\"article:modified_time\" content=\"2025-01-10T13:03:25+00:00\" \/>\n<meta property=\"og:image\" content=\"https:\/\/ecomlux.lu\/wp-content\/uploads\/2025\/01\/jobs-ecomlux.webp\" \/>\n\t<meta property=\"og:image:width\" content=\"1500\" \/>\n\t<meta property=\"og:image:height\" content=\"1500\" \/>\n\t<meta property=\"og:image:type\" content=\"image\/webp\" \/>\n<meta name=\"twitter:card\" content=\"summary_large_image\" \/>\n<meta name=\"twitter:label1\" content=\"Est. reading time\" \/>\n\t<meta name=\"twitter:data1\" content=\"2 minutes\" \/>\n<script type=\"application\/ld+json\" class=\"yoast-schema-graph\">{\"@context\":\"https:\/\/schema.org\",\"@graph\":[{\"@type\":\"WebPage\",\"@id\":\"https:\/\/ecomlux.lu\/lu\/jobs\/\",\"url\":\"https:\/\/ecomlux.lu\/lu\/jobs\/\",\"name\":\"Jobs - ECOM LUX | Agence digitale\",\"isPartOf\":{\"@id\":\"https:\/\/ecomlux.lu\/lu\/#website\"},\"primaryImageOfPage\":{\"@id\":\"https:\/\/ecomlux.lu\/lu\/jobs\/#primaryimage\"},\"image\":{\"@id\":\"https:\/\/ecomlux.lu\/lu\/jobs\/#primaryimage\"},\"thumbnailUrl\":\"https:\/\/ecomlux.lu\/wp-content\/uploads\/2025\/01\/jobs-ecomlux.webp?wsr\",\"datePublished\":\"2025-01-10T08:44:43+00:00\",\"dateModified\":\"2025-01-10T13:03:25+00:00\",\"breadcrumb\":{\"@id\":\"https:\/\/ecomlux.lu\/lu\/jobs\/#breadcrumb\"},\"inLanguage\":\"lu-LU\",\"potentialAction\":[{\"@type\":\"ReadAction\",\"target\":[\"https:\/\/ecomlux.lu\/lu\/jobs\/\"]}]},{\"@type\":\"ImageObject\",\"inLanguage\":\"lu-LU\",\"@id\":\"https:\/\/ecomlux.lu\/lu\/jobs\/#primaryimage\",\"url\":\"https:\/\/ecomlux.lu\/wp-content\/uploads\/2025\/01\/jobs-ecomlux.webp?wsr\",\"contentUrl\":\"https:\/\/ecomlux.lu\/wp-content\/uploads\/2025\/01\/jobs-ecomlux.webp?wsr\",\"width\":1500,\"height\":1500,\"caption\":\"jobs-ecomlux\"},{\"@type\":\"BreadcrumbList\",\"@id\":\"https:\/\/ecomlux.lu\/lu\/jobs\/#breadcrumb\",\"itemListElement\":[{\"@type\":\"ListItem\",\"position\":1,\"name\":\"Home\",\"item\":\"https:\/\/ecomlux.lu\/lu\/kommunikatiounsagence-zu-letzebuerg\/\"},{\"@type\":\"ListItem\",\"position\":2,\"name\":\"Jobs\"}]},{\"@type\":\"WebSite\",\"@id\":\"https:\/\/ecomlux.lu\/lu\/#website\",\"url\":\"https:\/\/ecomlux.lu\/lu\/\",\"name\":\"ECOM LUX | Agence de communication Luxembourg\",\"description\":\"Votre agence de communication 360\u00b0 | ECOM LUX\",\"publisher\":{\"@id\":\"https:\/\/ecomlux.lu\/lu\/#organization\"},\"potentialAction\":[{\"@type\":\"SearchAction\",\"target\":{\"@type\":\"EntryPoint\",\"urlTemplate\":\"https:\/\/ecomlux.lu\/lu\/?s={search_term_string}\"},\"query-input\":{\"@type\":\"PropertyValueSpecification\",\"valueRequired\":true,\"valueName\":\"search_term_string\"}}],\"inLanguage\":\"lu-LU\"},{\"@type\":\"Organization\",\"@id\":\"https:\/\/ecomlux.lu\/lu\/#organization\",\"name\":\"ECOM LUX | Votre vision, notre expertise\",\"url\":\"https:\/\/ecomlux.lu\/lu\/\",\"logo\":{\"@type\":\"ImageObject\",\"inLanguage\":\"lu-LU\",\"@id\":\"https:\/\/ecomlux.lu\/lu\/#\/schema\/logo\/image\/\",\"url\":\"https:\/\/ecomlux.lu\/wp-content\/uploads\/2022\/11\/logo-ecomlux-partenaire-digital-noir.webp?wsr\",\"contentUrl\":\"https:\/\/ecomlux.lu\/wp-content\/uploads\/2022\/11\/logo-ecomlux-partenaire-digital-noir.webp?wsr\",\"width\":600,\"height\":180,\"caption\":\"ECOM LUX | Votre vision, notre expertise\"},\"image\":{\"@id\":\"https:\/\/ecomlux.lu\/lu\/#\/schema\/logo\/image\/\"},\"sameAs\":[\"https:\/\/www.facebook.com\/ecomlux2020\",\"https:\/\/www.instagram.com\/ecom_lux\/\",\"https:\/\/www.linkedin.com\/company\/ecom-lux\/\",\"https:\/\/www.tiktok.com\/@ecom_lux\"]}]}<\/script>\n<!-- \/ Yoast SEO plugin. -->","yoast_head_json":{"title":"Jobs - ECOM LUX | Agence digitale","robots":{"index":"index","follow":"follow","max-snippet":"max-snippet:-1","max-image-preview":"max-image-preview:large","max-video-preview":"max-video-preview:-1"},"canonical":"https:\/\/ecomlux.lu\/lu\/jobs\/","og_locale":"en_US","og_type":"article","og_title":"Jobs - ECOM LUX | Agence digitale","og_description":"JOBS Kommt an d\u2019ECOM LUX Team! Mir sichen: Digital Marketing Assistent(in) Kommt bei ECOM LUX, eng dynamesch Digitalagentur zu L\u00ebtzebuerg, a schafft un diversen an kreativen Projeten! \ufe0f \ud83d\udee0\ufe0f \u00c4r Aufgaben Als Digital Marketing Assistent(in) sidd Dir verantwortlech fir: Gestioun vu soziale Medien vun eise Clienten Schafen vu Posts, geschriwwenen Inhalter, Visualen a Grafiken Organis\u00e9iere [&hellip;]","og_url":"https:\/\/ecomlux.lu\/lu\/jobs\/","og_site_name":"ECOM LUX | Agence digitale","article_publisher":"https:\/\/www.facebook.com\/ecomlux2020","article_modified_time":"2025-01-10T13:03:25+00:00","og_image":[{"width":1500,"height":1500,"url":"https:\/\/ecomlux.lu\/wp-content\/uploads\/2025\/01\/jobs-ecomlux.webp","type":"image\/webp"}],"twitter_card":"summary_large_image","twitter_misc":{"Est. reading time":"2 minutes"},"schema":{"@context":"https:\/\/schema.org","@graph":[{"@type":"WebPage","@id":"https:\/\/ecomlux.lu\/lu\/jobs\/","url":"https:\/\/ecomlux.lu\/lu\/jobs\/","name":"Jobs - ECOM LUX | Agence digitale","isPartOf":{"@id":"https:\/\/ecomlux.lu\/lu\/#website"},"primaryImageOfPage":{"@id":"https:\/\/ecomlux.lu\/lu\/jobs\/#primaryimage"},"image":{"@id":"https:\/\/ecomlux.lu\/lu\/jobs\/#primaryimage"},"thumbnailUrl":"https:\/\/ecomlux.lu\/wp-content\/uploads\/2025\/01\/jobs-ecomlux.webp?wsr","datePublished":"2025-01-10T08:44:43+00:00","dateModified":"2025-01-10T13:03:25+00:00","breadcrumb":{"@id":"https:\/\/ecomlux.lu\/lu\/jobs\/#breadcrumb"},"inLanguage":"lu-LU","potentialAction":[{"@type":"ReadAction","target":["https:\/\/ecomlux.lu\/lu\/jobs\/"]}]},{"@type":"ImageObject","inLanguage":"lu-LU","@id":"https:\/\/ecomlux.lu\/lu\/jobs\/#primaryimage","url":"https:\/\/ecomlux.lu\/wp-content\/uploads\/2025\/01\/jobs-ecomlux.webp?wsr","contentUrl":"https:\/\/ecomlux.lu\/wp-content\/uploads\/2025\/01\/jobs-ecomlux.webp?wsr","width":1500,"height":1500,"caption":"jobs-ecomlux"},{"@type":"BreadcrumbList","@id":"https:\/\/ecomlux.lu\/lu\/jobs\/#breadcrumb","itemListElement":[{"@type":"ListItem","position":1,"name":"Home","item":"https:\/\/ecomlux.lu\/lu\/kommunikatiounsagence-zu-letzebuerg\/"},{"@type":"ListItem","position":2,"name":"Jobs"}]},{"@type":"WebSite","@id":"https:\/\/ecomlux.lu\/lu\/#website","url":"https:\/\/ecomlux.lu\/lu\/","name":"ECOM LUX | Agence de communication Luxembourg","description":"Votre agence de communication 360\u00b0 | ECOM LUX","publisher":{"@id":"https:\/\/ecomlux.lu\/lu\/#organization"},"potentialAction":[{"@type":"SearchAction","target":{"@type":"EntryPoint","urlTemplate":"https:\/\/ecomlux.lu\/lu\/?s={search_term_string}"},"query-input":{"@type":"PropertyValueSpecification","valueRequired":true,"valueName":"search_term_string"}}],"inLanguage":"lu-LU"},{"@type":"Organization","@id":"https:\/\/ecomlux.lu\/lu\/#organization","name":"ECOM LUX | Votre vision, notre expertise","url":"https:\/\/ecomlux.lu\/lu\/","logo":{"@type":"ImageObject","inLanguage":"lu-LU","@id":"https:\/\/ecomlux.lu\/lu\/#\/schema\/logo\/image\/","url":"https:\/\/ecomlux.lu\/wp-content\/uploads\/2022\/11\/logo-ecomlux-partenaire-digital-noir.webp?wsr","contentUrl":"https:\/\/ecomlux.lu\/wp-content\/uploads\/2022\/11\/logo-ecomlux-partenaire-digital-noir.webp?wsr","width":600,"height":180,"caption":"ECOM LUX | Votre vision, notre expertise"},"image":{"@id":"https:\/\/ecomlux.lu\/lu\/#\/schema\/logo\/image\/"},"sameAs":["https:\/\/www.facebook.com\/ecomlux2020","https:\/\/www.instagram.com\/ecom_lux\/","https:\/\/www.linkedin.com\/company\/ecom-lux\/","https:\/\/www.tiktok.com\/@ecom_lux"]}]}},"_links":{"self":[{"href":"https:\/\/ecomlux.lu\/lu\/wp-json\/wp\/v2\/pages\/31630","targetHints":{"allow":["GET"]}}],"collection":[{"href":"https:\/\/ecomlux.lu\/lu\/wp-json\/wp\/v2\/pages"}],"about":[{"href":"https:\/\/ecomlux.lu\/lu\/wp-json\/wp\/v2\/types\/page"}],"author":[{"embeddable":true,"href":"https:\/\/ecomlux.lu\/lu\/wp-json\/wp\/v2\/users\/2"}],"replies":[{"embeddable":true,"href":"https:\/\/ecomlux.lu\/lu\/wp-json\/wp\/v2\/comments?post=31630"}],"version-history":[{"count":18,"href":"https:\/\/ecomlux.lu\/lu\/wp-json\/wp\/v2\/pages\/31630\/revisions"}],"predecessor-version":[{"id":31705,"href":"https:\/\/ecomlux.lu\/lu\/wp-json\/wp\/v2\/pages\/31630\/revisions\/31705"}],"wp:featuredmedia":[{"embeddable":true,"href":"https:\/\/ecomlux.lu\/lu\/wp-json\/wp\/v2\/media\/31614"}],"wp:attachment":[{"href":"https:\/\/ecomlux.lu\/lu\/wp-json\/wp\/v2\/media?parent=31630"}],"curies":[{"name":"wp","href":"https:\/\/api.w.org\/{rel}","templated":true}]}}